{"id":2230,"date":"2023-04-18T17:46:52","date_gmt":"2023-04-18T17:46:52","guid":{"rendered":"https:\/\/pumaenergy.com\/?page_id=2230"},"modified":"2023-12-05T19:10:22","modified_gmt":"2023-12-05T19:10:22","slug":"cctv-notitia","status":"publish","type":"page","link":"https:\/\/pumaenergy.com\/es\/cctv-notitia\/","title":{"rendered":"CCTV Notitia"},"content":{"rendered":"<div class=\"m-banner m-banner--small gt gb order-default\" >\n\n\t\n    \n    <div class=\"m-banner__container container-fluid\" style='--columns-ratio: 100%;'>\n\n        \n        <div class=\"m-banner__inner container flex-left style-dark\">\n\n            \n<div class=\"l-banner  l-gt-d l-gb-d\" style=\"\">\n\n\t<div class=\"blog-breadcrumb\">\n    <div class=\"blog-breadcrumb__inner inner-frame\">\n        <span property=\"itemListElement\" typeof=\"ListItem\">\n            <a property=\"item\" typeof=\"WebPage\" title=\"Go to Homepage\" href=\"\" class=\"\" bcn-aria-current>\n                <svg width=\"30\" height=\"30\" class=\"icon icon-home \"  aria-hidden=\"true\" role=\"img\"><use xlink:href=\"#home\"><\/use><\/svg>            <\/a>\n        <meta property=\"position\" content=\"1\"><\/span>\n\t    <span><\/span><span class=\"separator\">\/<\/span><span property=\"itemListElement\" typeof=\"ListItem\"><a property=\"item\" typeof=\"WebPage\" title=\"Ir a Resources.\" href=\"https:\/\/pumaenergy.com\/es\/resources\/\" class=\"post-root post post-post\" aria-current=\"page\"><span property=\"name\">Resources<\/span><\/a><meta property=\"position\" content=\"2\"><\/span>    <\/div>\n<\/div>\n<div class=\"l-banner__text\">\n        <div class=\"l-banner__inner text-center\">\n\n        <div class=\"c-heading -h1 \">\n\t\t\t\n\t\t\t\t\t\t\t<h1  class=\"c-heading__title\">CCTV Notitia<\/h1>\t\t\t\n\t\t\t        <\/div>\n\n\t\t    <\/div>\n    <\/div>\n\n\n<\/div>\n\n                    <\/div>\n    <\/div>\n\n<\/div>\n\n\n<div class=\"m-block gt gb l-content-2\"  >\n\n\t\n\t\n    <div class=\"m-block__container container\" style=\"\">\n\t\t<div class=\"l-dcbl l-dcbl-v1\">\n\n\t\n<div class=\"c-block order-default\" style=\"--c-block-radius:0px; --c-block-gl: 0%;--c-block-gr: 0%;--c-block-gt: 0%;--c-block-gb: 0%;--columns-ratio: 50%;\">\n    <div class=\"c-block__col c-block__text text-left align-center\" style=\"--c-txt-gl: 0%; --c-txt-gr: 0%; --c-txt-gt: 0%; --c-txt-gb: 0%;\">\n        <div class=\"c-block__inner\">\n\n\t\t\t\n\t\t\t    <div class=\"c-heading -h2 \">\n\t\t\n\t\t\n\t\t\t\t\t<h2  class=\"c-heading__title\">Monitoreo de CCTV<\/h2>\t\t\n\t\t    <\/div>\n    <div class=\"c-heading__description is-wysiwyg\">\n        <p>Con el fin de:<\/p>\n<ul>\n<li>Proteger su seguridad personal cuando se encuentre en nuestras instalaciones; y<\/li>\n<li>Investigar, detectar o prevenir delitos y detener o enjuiciar a los delincuentes,<\/li>\n<\/ul>\n<p>Nos reservamos el derecho de:<\/p>\n<ul>\n<li>Inspeccionar su persona o propiedad al ingresar a nuestras instalaciones;<\/li>\n<li>Negarle la entrada a nuestra discreci\u00f3n; y<\/li>\n<li>Monitoree y grabe las actividades que est\u00e1n a la vista en nuestras instalaciones utilizando c\u00e1maras de circuito cerrado de televisi\u00f3n (CCTV).<\/li>\n<\/ul>\n<p>Al ingresar a nuestra propiedad, usted reconoce que es consciente de que podemos monitorear sus actividades y nos da su consentimiento para divulgar im\u00e1genes de CCTV a personas autorizadas.<\/p>\n    <\/div>\n\n\t\t\t\t\t\t        <\/div>\n    <\/div>\n\t<\/div>\n\n    \n<\/div>\n    <\/div>\n\n\t\n<\/div>\n","protected":false},"excerpt":{"rendered":"","protected":false},"author":1,"featured_media":0,"parent":0,"menu_order":0,"comment_status":"closed","ping_status":"closed","template":"","meta":{"_acf_changed":false,"inline_featured_image":false,"footnotes":""},"class_list":["post-2230","page","type-page","status-publish","hentry"],"acf":[],"yoast_head":"<!-- This site is optimized with the Yoast SEO plugin v27.3 - https:\/\/yoast.com\/product\/yoast-seo-wordpress\/ -->\n<title>CCTV Notitia - Puma Energy<\/title>\n<meta name=\"description\" content=\"Informaci\u00f3n sobre la pol\u00edtica de CCTV de Puma Energy para la seguridad.\" \/>\n<meta name=\"robots\" content=\"index, follow, max-snippet:-1, max-image-preview:large, max-video-preview:-1\" \/>\n<link rel=\"canonical\" href=\"https:\/\/pumaenergy.com\/es\/cctv-notitia\/\" \/>\n<meta property=\"og:locale\" content=\"es_ES\" \/>\n<meta property=\"og:type\" content=\"article\" \/>\n<meta property=\"og:title\" content=\"CCTV Notitia - Puma Energy\" \/>\n<meta property=\"og:description\" content=\"Informaci\u00f3n sobre la pol\u00edtica de CCTV de Puma Energy para la seguridad.\" \/>\n<meta property=\"og:url\" content=\"https:\/\/pumaenergy.com\/es\/cctv-notitia\/\" \/>\n<meta property=\"og:site_name\" content=\"Puma Energy\" \/>\n<meta property=\"article:publisher\" content=\"https:\/\/www.facebook.com\/PumaEnergy\/\" \/>\n<meta property=\"article:modified_time\" content=\"2023-12-05T19:10:22+00:00\" \/>\n<meta property=\"og:image\" content=\"https:\/\/pumaenergy.com\/wp-content\/uploads\/2023\/09\/puma-energy.jpeg\" \/>\n\t<meta property=\"og:image:width\" content=\"1200\" \/>\n\t<meta property=\"og:image:height\" content=\"630\" \/>\n\t<meta property=\"og:image:type\" content=\"image\/jpeg\" \/>\n<meta name=\"twitter:card\" content=\"summary_large_image\" \/>\n<script type=\"application\/ld+json\" class=\"yoast-schema-graph\">{\"@context\":\"https:\\\/\\\/schema.org\",\"@graph\":[{\"@type\":\"WebPage\",\"@id\":\"https:\\\/\\\/pumaenergy.com\\\/es\\\/cctv-notitia\\\/\",\"url\":\"https:\\\/\\\/pumaenergy.com\\\/es\\\/cctv-notitia\\\/\",\"name\":\"CCTV Notitia - Puma Energy\",\"isPartOf\":{\"@id\":\"https:\\\/\\\/pumaenergy.com\\\/es\\\/#website\"},\"datePublished\":\"2023-04-18T17:46:52+00:00\",\"dateModified\":\"2023-12-05T19:10:22+00:00\",\"description\":\"Informaci\u00f3n sobre la pol\u00edtica de CCTV de Puma Energy para la seguridad.\",\"inLanguage\":\"es\",\"potentialAction\":[{\"@type\":\"ReadAction\",\"target\":[\"https:\\\/\\\/pumaenergy.com\\\/es\\\/cctv-notitia\\\/\"]}]},{\"@type\":\"WebSite\",\"@id\":\"https:\\\/\\\/pumaenergy.com\\\/es\\\/#website\",\"url\":\"https:\\\/\\\/pumaenergy.com\\\/es\\\/\",\"name\":\"Puma Energy\",\"description\":\"\",\"publisher\":{\"@id\":\"https:\\\/\\\/pumaenergy.com\\\/es\\\/#organization\"},\"potentialAction\":[{\"@type\":\"SearchAction\",\"target\":{\"@type\":\"EntryPoint\",\"urlTemplate\":\"https:\\\/\\\/pumaenergy.com\\\/es\\\/?s={search_term_string}\"},\"query-input\":{\"@type\":\"PropertyValueSpecification\",\"valueRequired\":true,\"valueName\":\"search_term_string\"}}],\"inLanguage\":\"es\"},{\"@type\":\"Organization\",\"@id\":\"https:\\\/\\\/pumaenergy.com\\\/es\\\/#organization\",\"name\":\"Puma Energy\",\"url\":\"https:\\\/\\\/pumaenergy.com\\\/es\\\/\",\"logo\":{\"@type\":\"ImageObject\",\"inLanguage\":\"es\",\"@id\":\"https:\\\/\\\/pumaenergy.com\\\/es\\\/#\\\/schema\\\/logo\\\/image\\\/\",\"url\":\"https:\\\/\\\/pumaenergy.com\\\/wp-content\\\/uploads\\\/2023\\\/09\\\/puma-energy.jpeg\",\"contentUrl\":\"https:\\\/\\\/pumaenergy.com\\\/wp-content\\\/uploads\\\/2023\\\/09\\\/puma-energy.jpeg\",\"width\":1200,\"height\":630,\"caption\":\"Puma Energy\"},\"image\":{\"@id\":\"https:\\\/\\\/pumaenergy.com\\\/es\\\/#\\\/schema\\\/logo\\\/image\\\/\"},\"sameAs\":[\"https:\\\/\\\/www.facebook.com\\\/PumaEnergy\\\/\"]}]}<\/script>\n<!-- \/ Yoast SEO plugin. -->","yoast_head_json":{"title":"CCTV Notitia - Puma Energy","description":"Informaci\u00f3n sobre la pol\u00edtica de CCTV de Puma Energy para la seguridad.","robots":{"index":"index","follow":"follow","max-snippet":"max-snippet:-1","max-image-preview":"max-image-preview:large","max-video-preview":"max-video-preview:-1"},"canonical":"https:\/\/pumaenergy.com\/es\/cctv-notitia\/","og_locale":"es_ES","og_type":"article","og_title":"CCTV Notitia - Puma Energy","og_description":"Informaci\u00f3n sobre la pol\u00edtica de CCTV de Puma Energy para la seguridad.","og_url":"https:\/\/pumaenergy.com\/es\/cctv-notitia\/","og_site_name":"Puma Energy","article_publisher":"https:\/\/www.facebook.com\/PumaEnergy\/","article_modified_time":"2023-12-05T19:10:22+00:00","og_image":[{"width":1200,"height":630,"url":"https:\/\/pumaenergy.com\/wp-content\/uploads\/2023\/09\/puma-energy.jpeg","type":"image\/jpeg"}],"twitter_card":"summary_large_image","schema":{"@context":"https:\/\/schema.org","@graph":[{"@type":"WebPage","@id":"https:\/\/pumaenergy.com\/es\/cctv-notitia\/","url":"https:\/\/pumaenergy.com\/es\/cctv-notitia\/","name":"CCTV Notitia - Puma Energy","isPartOf":{"@id":"https:\/\/pumaenergy.com\/es\/#website"},"datePublished":"2023-04-18T17:46:52+00:00","dateModified":"2023-12-05T19:10:22+00:00","description":"Informaci\u00f3n sobre la pol\u00edtica de CCTV de Puma Energy para la seguridad.","inLanguage":"es","potentialAction":[{"@type":"ReadAction","target":["https:\/\/pumaenergy.com\/es\/cctv-notitia\/"]}]},{"@type":"WebSite","@id":"https:\/\/pumaenergy.com\/es\/#website","url":"https:\/\/pumaenergy.com\/es\/","name":"Puma Energy","description":"","publisher":{"@id":"https:\/\/pumaenergy.com\/es\/#organization"},"potentialAction":[{"@type":"SearchAction","target":{"@type":"EntryPoint","urlTemplate":"https:\/\/pumaenergy.com\/es\/?s={search_term_string}"},"query-input":{"@type":"PropertyValueSpecification","valueRequired":true,"valueName":"search_term_string"}}],"inLanguage":"es"},{"@type":"Organization","@id":"https:\/\/pumaenergy.com\/es\/#organization","name":"Puma Energy","url":"https:\/\/pumaenergy.com\/es\/","logo":{"@type":"ImageObject","inLanguage":"es","@id":"https:\/\/pumaenergy.com\/es\/#\/schema\/logo\/image\/","url":"https:\/\/pumaenergy.com\/wp-content\/uploads\/2023\/09\/puma-energy.jpeg","contentUrl":"https:\/\/pumaenergy.com\/wp-content\/uploads\/2023\/09\/puma-energy.jpeg","width":1200,"height":630,"caption":"Puma Energy"},"image":{"@id":"https:\/\/pumaenergy.com\/es\/#\/schema\/logo\/image\/"},"sameAs":["https:\/\/www.facebook.com\/PumaEnergy\/"]}]}},"_links":{"self":[{"href":"https:\/\/pumaenergy.com\/es\/wp-json\/wp\/v2\/pages\/2230","targetHints":{"allow":["GET"]}}],"collection":[{"href":"https:\/\/pumaenergy.com\/es\/wp-json\/wp\/v2\/pages"}],"about":[{"href":"https:\/\/pumaenergy.com\/es\/wp-json\/wp\/v2\/types\/page"}],"author":[{"embeddable":true,"href":"https:\/\/pumaenergy.com\/es\/wp-json\/wp\/v2\/users\/1"}],"replies":[{"embeddable":true,"href":"https:\/\/pumaenergy.com\/es\/wp-json\/wp\/v2\/comments?post=2230"}],"version-history":[{"count":5,"href":"https:\/\/pumaenergy.com\/es\/wp-json\/wp\/v2\/pages\/2230\/revisions"}],"predecessor-version":[{"id":14302,"href":"https:\/\/pumaenergy.com\/es\/wp-json\/wp\/v2\/pages\/2230\/revisions\/14302"}],"wp:attachment":[{"href":"https:\/\/pumaenergy.com\/es\/wp-json\/wp\/v2\/media?parent=2230"}],"curies":[{"name":"wp","href":"https:\/\/api.w.org\/{rel}","templated":true}]}}