{"id":5323,"date":"2023-06-27T14:16:36","date_gmt":"2023-06-27T14:16:36","guid":{"rendered":"https:\/\/pumaenergy.com\/?page_id=5323"},"modified":"2023-12-05T18:17:27","modified_gmt":"2023-12-05T18:17:27","slug":"clean-and-low-carbon-energy","status":"publish","type":"page","link":"https:\/\/pumaenergy.com\/es\/clean-and-low-carbon-energy\/","title":{"rendered":"Nuevas Energ\u00edas"},"content":{"rendered":"<div class=\"m-banner m-banner--medium has-overlay order-default is-vertical\" >\n\n\t\n    \n    <div class=\"m-banner__container container-fluid\" style='--overlayOpacity: 50%;--columns-ratio: 100%;'>\n\n            <div class=\"m-banner__media\">\n        <picture class=\"m-banner__picture\">\n\t\t\t\t\t\t\t\t\t\t\t\t                        <source media=\"(min-width: 1500px)\" srcset=\"https:\/\/pumaenergy.com\/wp-content\/uploads\/2023\/09\/RS34584__62Q0399_balanced_cmyk_hr-1.jpg\">\n\t\t\t\t\t\t\t\t\t\t\t\t\t\t                        <source media=\"(min-width: 1024px)\" srcset=\"https:\/\/pumaenergy.com\/wp-content\/uploads\/2023\/09\/RS34584__62Q0399_balanced_cmyk_hr-1-1536x1024.jpg\">\n\t\t\t\t\t\t\t\t\t\t\t\t\t\t                        <source media=\"(min-width: 768px)\" srcset=\"https:\/\/pumaenergy.com\/wp-content\/uploads\/2023\/09\/RS34584__62Q0399_balanced_cmyk_hr-1-1024x683.jpg\">\n\t\t\t\t\t\t\t\t\t\t\t\t\t\t\t                <source media=\"(min-width: 300px)\" srcset=\"https:\/\/pumaenergy.com\/wp-content\/uploads\/2023\/09\/RS34584__62Q0399_balanced_cmyk_hr-1-768x512.jpg\">\n\t\t\t            <img decoding=\"async\" src=\"https:\/\/pumaenergy.com\/wp-content\/uploads\/2023\/09\/RS34584__62Q0399_balanced_cmyk_hr-1.jpg\" alt=\"Puma Energy truck in Forest \">\n        <\/picture>\n    <\/div>\n\n        <div class=\"m-banner__inner container flex-left style-dark\">\n\n            \n<div class=\"l-banner  l-gt-d l-gb-d\" style=\"\">\n\n\t<div class=\"blog-breadcrumb\">\n    <div class=\"blog-breadcrumb__inner inner-frame\">\n        <span property=\"itemListElement\" typeof=\"ListItem\">\n            <a property=\"item\" typeof=\"WebPage\" title=\"Go to Homepage\" href=\"\" class=\"\" bcn-aria-current>\n                <svg width=\"30\" height=\"30\" class=\"icon icon-home \"  aria-hidden=\"true\" role=\"img\"><use xlink:href=\"#home\"><\/use><\/svg>            <\/a>\n        <meta property=\"position\" content=\"1\"><\/span>\n\t    <span><\/span><span class=\"separator\">\/<\/span><span property=\"itemListElement\" typeof=\"ListItem\"><a property=\"item\" typeof=\"WebPage\" title=\"Ir a Resources.\" href=\"https:\/\/pumaenergy.com\/es\/resources\/\" class=\"post-root post post-post\" aria-current=\"page\"><span property=\"name\">Resources<\/span><\/a><meta property=\"position\" content=\"2\"><\/span>    <\/div>\n<\/div>\n<div class=\"l-banner__text\">\n        <div class=\"l-banner__inner text-left\">\n\n        <div class=\"c-heading -h1 -with-decoration\">\n\t\t\t                <div class=\"c-heading__pre\">Nuevas Energ\u00edas<\/div>\n\t\t\t\n\t\t\t\t\t\t\t<h1  class=\"c-heading__title\">Apoyando la Transici\u00f3n Energ\u00e9tica <\/h1>\t\t\t\n\t\t\t                <div class=\"c-heading__sub\">Nuestras soluciones de energ\u00eda limpia y baja en carbono apoyan a nuestros clientes en su viaje de transici\u00f3n energ\u00e9tica.<\/div>\n\t\t\t        <\/div>\n\n\t\t    <\/div>\n    \t    <div class=\"c-block__btn\">\n\t\t\n\t\t\t<a href=\"\/es\/contact\/\"  class=\"c-btn -normal -inverted has-icon icon-right \"><span class=\"c-btn__txt -duplicate\" aria-hidden=\"true\">Cont\u00e1ctenos hoy <\/span><span class=\"c-btn__txt -original\">Cont\u00e1ctenos hoy <\/span><span class=\"c-btn__ico\"><svg width=\"30\" height=\"30\" class=\"icon icon-lib-icon-arrow0 \"  aria-hidden=\"true\" role=\"img\"><use xlink:href=\"#lib-icon-arrow0\"><\/use><\/svg><\/span><\/a>\n\t\t    <\/div>\n\t<\/div>\n\n\n<\/div>\n\n                    <\/div>\n    <\/div>\n\n<\/div>\n\n\n<div class=\"m-counter gb-l\"  >\n\n\t\n\t\n    <div class=\"m-counter__container container\" style=\"\">\n\t\t\n<div class=\"l-counter l-counter-v2\" style=\"--l-block-col: 4; --l-block-gap:0px;--l-block-gap-vertical: 20px;--l-block-gap-horizontal: 20px;\">\n\n\t\n\t\t\n\t\t\t<div class=\"l-counter__item c-counter c-counter-v2 is-horizontal text-center align-top\" style=\"\">\n\t\n    <div class=\"c-counter__body\">\n\n\t                <div class=\"c-counter__num -decor\">\n\t\t\t\t                <span class=\"c-counter__number\" data-purecounter-start=\"0\" data-purecounter-end=\"233\" >233<\/span>\n\t\t\t\t                            <\/div>\n\t\t\n\t\t            <div class=\"c-counter__title \">\n                <div class=\"c-heading__title\">Proyectos Solares Instalados <\/div>\n            <\/div>\n\t\t\n\t\t\n    <\/div>\n\n<\/div>\n\n\t\t\n\t\t\t<div class=\"l-counter__item c-counter c-counter-v2 is-horizontal text-center align-top\" style=\"\">\n\t\n    <div class=\"c-counter__body\">\n\n\t                <div class=\"c-counter__num -decor\">\n\t\t\t\t                <span class=\"c-counter__number\" data-purecounter-start=\"0\" data-purecounter-end=\"7.5\" data-purecounter-decimals=\"1\">7.5<\/span>\n\t\t\t\t                    <span class=\"c-counter__symbol\">MWp<\/span>                            <\/div>\n\t\t\n\t\t            <div class=\"c-counter__title \">\n                <div class=\"c-heading__title\">Capacidad Solar Instalada<\/div>\n            <\/div>\n\t\t\n\t\t\n    <\/div>\n\n<\/div>\n\n\t\t\n\t\t\t<div class=\"l-counter__item c-counter c-counter-v2 is-horizontal text-center align-top\" style=\"\">\n\t\n    <div class=\"c-counter__body\">\n\n\t                <div class=\"c-counter__num -decor\">\n\t\t\t\t                <span class=\"c-counter__number\" data-purecounter-start=\"0\" data-purecounter-end=\"30\" >30<\/span>\n\t\t\t\t                    <span class=\"c-counter__symbol\">%<\/span>                            <\/div>\n\t\t\n\t\t            <div class=\"c-counter__title \">\n                <div class=\"c-heading__title\">EBITDA de \u00c1frica a Partir de Energ\u00eda Limpia y Baja en Carbono<\/div>\n            <\/div>\n\t\t\n\t\t\n    <\/div>\n\n<\/div>\n\n\t\t\n\t\n<\/div>\n    <\/div>\n<\/div>\n\n\n\n<div class=\"separators-custom-box\"  >\n\n\t\n\t\n<div class=\"m-wrapper gt gb has-columns align-top container-fluid list-with-images\" style=\"\">\n\t<div class=\"m-wrapper__inner\">\n\n\t\t<div class=\"m-block gt gb l-content-simple-1\">\n\t\t\t<div class=\"m-block__container container\">\n\t\t\t\t<div class=\"l-heading text-left l-heading-v1\">\n\t\t\t\t\t<div class=\"c-heading -h2 -with-decoration\">\n\t\t\t\t\t\t\t\t\t\t\t\t\t<div class=\"c-heading__pre\">\n\t\t\t\t\t\t\t\tEntregando soluciones energ\u00e9ticas limpias y bajas en carbono\t\t\t\t\t\t\t<\/div>\n\t\t\t\t\t\t\t\t\t\t\t\t\n\t\t\t\t\t\t\t\t\t\t\t\t\t<h2 class=\"c-heading__title\">\n\t\t\t\t\t\t\t\tOfrecemos\t\t\t\t\t\t\t<\/h2>\n\t\t\t\t\t\t\t\t\t\t\t<\/div>\n\t\t\t\t<\/div>\n\n\t\t\t\t<div class=\"c-block__media\">\n\t\t\t\t\t<div class=\"c-image front-h-right front-v-bottom main-h-right main-v-center r-none is-image\">\n\t\t\t\t\t\t\n\t\t\t\t\t\t\t\t\t\t\t\t\t<div class=\"c-image__media c-image__primary\">\n\t\t\t\t\t\t\t\t<img decoding=\"async\" class=\"c-image__src\" src=\"https:\/\/pumaenergy.com\/wp-content\/uploads\/2023\/06\/Las-Torres-scr.jpg\" alt=\"Puma Service Station Las Torres\" loading=\"lazy\" \/>\n\t\t\t\t\t\t\t<\/div>\n\t\t\t\t\t\t\t\t\t\t\t\t\n\t\t\t\t\t\t\n\t\t\t\t\t<\/div>\n\t\t\t\t<\/div>\n\t\t\t<\/div>\n\t\t<\/div>\n\t\t\n\t\t<div class=\"m-block gt gb l-content-1\">\n\t\t\t<div class=\"m-block__container container\" style=\"\">\n\t\t\t\t\t\t\t\t\t<ul class=\"list-with-images__items\">\n\t\t\t\t\t\t\t\t\t\t\t\t\t\t\t\t\t\t\t\t<li class=\"list-with-images__item\">\n\t\t\t\t\t\t\t\t\t\t\t\t\t\t\t\t\t\t\t\t\t\t\t\t\t\t\t<span class=\"list-with-images__item-number\">\n\t\t\t\t                            1\t\t\t\t                        <\/span>\n\t\t\t\t\t\t\t\t\t\t\t\t\t\t\t\t\t\t\n\t\t\t\t\t\t\t\t\t<div class=\"list-with-images__item-title\">\n\t\t\t\t\t\t\t\t\t\t<h2  >Descarbonizaci\u00f3n <\/h2>\t\t\t\t\t\t\t\t\t<\/div>\n\t\t\t\t\t\t\t\t\t\n\t\t\t\t\t\t\t\t\t\t\t\t\t\t\t\t\t\t\t\t\t\t\t\t\t<div class=\"list-with-images__item-text\" >\n\t\t\t\t\t\t\t\t\t\tAyudamos a descarbonizar su suministro de energ\u00eda a trav\u00e9s de una gama diversificada de soluciones energ\u00e9ticas m\u00e1s limpias.\t\t\t\t\t\t\t\t\t<\/div>\n\t\t\t\t\t\t\t\t\t\t\t\t\t\t\t<\/li>\n\t\t\t\t\t\t\t\t\t\t\t\t\t\t\t\t\t\t\t\t<li class=\"list-with-images__item\">\n\t\t\t\t\t\t\t\t\t\t\t\t\t\t\t\t\t\t\t\t\t\t\t\t\t\t\t<span class=\"list-with-images__item-number\">\n\t\t\t\t                            2\t\t\t\t                        <\/span>\n\t\t\t\t\t\t\t\t\t\t\t\t\t\t\t\t\t\t\n\t\t\t\t\t\t\t\t\t<div class=\"list-with-images__item-title\">\n\t\t\t\t\t\t\t\t\t\t<h2  >Fiabilidad<\/h2>\t\t\t\t\t\t\t\t\t<\/div>\n\t\t\t\t\t\t\t\t\t\n\t\t\t\t\t\t\t\t\t\t\t\t\t\t\t\t\t\t\t\t\t\t\t\t\t<div class=\"list-with-images__item-text\" >\n\t\t\t\t\t\t\t\t\t\tOfrecemos un suministro de energ\u00eda confiable al integrar soluciones energ\u00e9ticas tradicionales y bajas en carbono como un paquete integral. \t\t\t\t\t\t\t\t\t<\/div>\n\t\t\t\t\t\t\t\t\t\t\t\t\t\t\t<\/li>\n\t\t\t\t\t\t\t\t\t\t\t\t\t\t\t\t\t\t\t\t<li class=\"list-with-images__item\">\n\t\t\t\t\t\t\t\t\t\t\t\t\t\t\t\t\t\t\t\t\t\t\t\t\t\t\t<span class=\"list-with-images__item-number\">\n\t\t\t\t                            3\t\t\t\t                        <\/span>\n\t\t\t\t\t\t\t\t\t\t\t\t\t\t\t\t\t\t\n\t\t\t\t\t\t\t\t\t<div class=\"list-with-images__item-title\">\n\t\t\t\t\t\t\t\t\t\t<h2  >Optimizaci\u00f3n<\/h2>\t\t\t\t\t\t\t\t\t<\/div>\n\t\t\t\t\t\t\t\t\t\n\t\t\t\t\t\t\t\t\t\t\t\t\t\t\t\t\t\t\t\t\t\t\t\t\t<div class=\"list-with-images__item-text\" >\n\t\t\t\t\t\t\t\t\t\tAyudamos a mejorar su control sobre sus gastos de energ\u00eda a trav\u00e9s de nuestras soluciones integradas de administraci\u00f3n energ\u00e9tica.\t\t\t\t\t\t\t\t\t<\/div>\n\t\t\t\t\t\t\t\t\t\t\t\t\t\t\t<\/li>\n\t\t\t\t\t\t\t\t\t\t\t\t\t\t\t\t\t\t\t\t<li class=\"list-with-images__item\">\n\t\t\t\t\t\t\t\t\t\t\t\t\t\t\t\t\t\t\t\t\t\t\t\t\t\t\t<span class=\"list-with-images__item-number\">\n\t\t\t\t                            4\t\t\t\t                        <\/span>\n\t\t\t\t\t\t\t\t\t\t\t\t\t\t\t\t\t\t\n\t\t\t\t\t\t\t\t\t<div class=\"list-with-images__item-title\">\n\t\t\t\t\t\t\t\t\t\t<h2  >Financiaci\u00f3n  <\/h2>\t\t\t\t\t\t\t\t\t<\/div>\n\t\t\t\t\t\t\t\t\t\n\t\t\t\t\t\t\t\t\t\t\t\t\t\t\t\t\t\t\t\t\t\t\t\t\t<div class=\"list-with-images__item-text\" >\n\t\t\t\t\t\t\t\t\t\tEliminamos las barreras para acceder a soluciones de energ\u00eda m\u00e1s limpias al ofrecer soluciones de pago por uso y contratos de construcci\u00f3n, operaci\u00f3n y transferencia (BOT) \t\t\t\t\t\t\t\t\t<\/div>\n\t\t\t\t\t\t\t\t\t\t\t\t\t\t\t<\/li>\n\t\t\t\t\t\t\t\t\t\t\t<\/ul>\n\t\t\t\t\t\t\t<\/div>\n\t\t<\/div>\n\t\t\n\t<\/div>\n<\/div>\n<\/div>\n\n\n<div class=\"m-accordion has-decoration\"  style='background-color: #f6f6f7; --custom-bg-color: #f6f6f7'>\n\n\t\n\t\n    <div class=\"m-accordion__container container\" style=\"\">\n\t\t\n<div class=\"l-accordion l-accordion-v1 order-default js-acc-wrapper\" style=\"--c-block-gl: 0px;--c-block-gr: 0px;--c-block-gt: 20px;--c-block-gb: 20px;--columns-ratio: 60%;\"  data-animation=\"js\">\n\n\t\n        <div class=\"l-accordion__col l-accordion__content\">\n\n\t\t\t    <div class=\"c-heading -h2 \">\n\t\t\n\t\t\n\t\t\t\t\t<h2  class=\"c-heading__title\">Nuestras Soluciones Limpias y Bajas en Carbono<\/h2>\t\t\n\t\t    <\/div>\n\n\n            <div class=\"c-accordion c-accordion-v1\">\n\t\t\t\t\n\t\t\t\t\t\n<div class=\"c-accordion__item js-acc-item is-active\">\n\t\t\t\n\t\t<h3  class=\"c-accordion__title-wrap -h3\">        <button class=\"js-acc-button c-accordion__title\">\n\t\t\t            \t\t\tSoluciones Solares Fotovoltaicas e H\u00edbridas        <\/button>\n\t\t<\/h3>\t\n    <div class=\"js-acc-content\">\n\t\t\t\t            <div class=\"c-accordion__content\">\n                <div class=\"is-wysiwyg\">\n\t\t\t\t\t<p>Dise\u00f1amos y entregamos una soluci\u00f3n de energ\u00eda h\u00edbrida de bater\u00eda y energ\u00eda solar fotovoltaica llave en mano, incluida la financiaci\u00f3n, la instalaci\u00f3n, la operaci\u00f3n y el mantenimiento del sistema.<\/p>\n                <\/div>\n\t\t\t\t\t\t\t\t\t\t    <div class=\"c-block__btn\">\n\t\t\n\t\t\t\n\t\t    <\/div>\n\t\t\t\t\t            <\/div>\n\t\t    <\/div>\n\n<\/div>\n\n\t\t\t\t\t\n\t\t\t\t\t\n<div class=\"c-accordion__item js-acc-item\">\n\t\t\t\n\t\t<h3  class=\"c-accordion__title-wrap -h3\">        <button class=\"js-acc-button c-accordion__title\">\n\t\t\t            \t\t\tTransici\u00f3n de Soluciones Di\u00e9sel a Gas        <\/button>\n\t\t<\/h3>\t\n    <div class=\"js-acc-content\">\n\t\t\t\t            <div class=\"c-accordion__content\">\n                <div class=\"is-wysiwyg\">\n\t\t\t\t\t<p>Suministramos Gas Licuado de Petr\u00f3leo y Gas Natural Comprimido que se pueden utilizar en motores de veh\u00edculos reacondicionados, equipos de generaci\u00f3n de energ\u00eda y equipos de miner\u00eda. Tambi\u00e9n instalamos capacidad de almacenamiento y stock en consignaci\u00f3n para reducir el impacto en el capital de trabajo de nuestros clientes.<\/p>\n                <\/div>\n\t\t\t\t            <\/div>\n\t\t    <\/div>\n\n<\/div>\n\n\t\t\t\t\t\n\t\t\t\t\t\n<div class=\"c-accordion__item js-acc-item\">\n\t\t\t\n\t\t<h3  class=\"c-accordion__title-wrap -h3\">        <button class=\"js-acc-button c-accordion__title\">\n\t\t\t            \t\t\tSoluciones de Biocombustibles        <\/button>\n\t\t<\/h3>\t\n    <div class=\"js-acc-content\">\n\t\t\t\t            <div class=\"c-accordion__content\">\n                <div class=\"is-wysiwyg\">\n\t\t\t\t\t<p>Podemos suministrar biocombustibles que le permiten reducir su huella de carbono, utilizar materias primas locales y reducir el azufre. En algunos mercados, a trav\u00e9s de nuestra red podemos recolectar materiales, como aceite de cocina usado que se puede usar para producir biocombustibles.<\/p>\n                <\/div>\n\t\t\t\t            <\/div>\n\t\t    <\/div>\n\n<\/div>\n\n\t\t\t\t\t\n\t\t\t\t\t\n<div class=\"c-accordion__item js-acc-item\">\n\t\t\t\n\t\t<h3  class=\"c-accordion__title-wrap -h3\">        <button class=\"js-acc-button c-accordion__title\">\n\t\t\t            \t\t\tSoluciones de Compensaci\u00f3n de Carbono        <\/button>\n\t\t<\/h3>\t\n    <div class=\"js-acc-content\">\n\t\t\t\t            <div class=\"c-accordion__content\">\n                <div class=\"is-wysiwyg\">\n\t\t\t\t\t<p>A trav\u00e9s de nuestra cartera, podemos ofrecer compensaciones de carbono de alta calidad y verificadas de forma independiente, que no solo reducen el carbono, sino que promueven la biodiversidad.<\/p>\n                <\/div>\n\t\t\t\t            <\/div>\n\t\t    <\/div>\n\n<\/div>\n\n\t\t\t\t\t            <\/div>\n\n\t\t\t                            <div class=\"l-accordion__decoration -left-bottom\">\n                    <img decoding=\"async\" src=\"https:\/\/pumaenergy.com\/wp-content\/uploads\/2023\/05\/energising-community.svg\" alt=\"energising-community\" loading=\"lazy\">\n                <\/div>\n                    <\/div>\n\n        <div class=\"l-accordion__col l-accordion__media\">\n\t\t\t                <div class=\"c-accordion__media c-accordion__media--has-overlay is-active\">\n\n\t\t\t\t\t    <div class=\"c-image front-h-left front-v-center main-h-full main-v-center r-1x1 is-image\">\n\n\t\t            <div class=\"c-image__media c-image__primary\">\n                <img decoding=\"async\" class=\"c-image__src\" src=\"https:\/\/pumaenergy.com\/wp-content\/uploads\/2023\/06\/Mangrove-offset.jpg\" loading=\"lazy\" alt=\"Mangroves in Dominican Republic\">\n            <\/div>\n\t\t\n\t\t\n    <\/div>\n\n\t\t\t\t\t\n                <\/div>\n\t\t\t        <\/div>\n\n\t\n<\/div>\n    <\/div>\n<\/div>\n\n\n<div class=\"m-slider m-slider-v1 l-slider-cards-1 container \"  >\n\n    <div class=\"m-slider__outer\">\n\n        \n        \n        \n        \n        <div class=\"m-slider__container swiper js-slider-simple \" >\n            <div class=\"m-slider__wrapper swiper-wrapper\">\n                \n            <\/div>\n\n                      \n        <\/div>\n\n        \n    <\/div>\n\n<\/div>\n","protected":false},"excerpt":{"rendered":"","protected":false},"author":27,"featured_media":0,"parent":0,"menu_order":0,"comment_status":"closed","ping_status":"closed","template":"","meta":{"_acf_changed":false,"inline_featured_image":false,"footnotes":""},"class_list":["post-5323","page","type-page","status-publish","hentry"],"acf":[],"yoast_head":"<!-- This site is optimized with the Yoast SEO plugin v27.3 - https:\/\/yoast.com\/product\/yoast-seo-wordpress\/ -->\n<title>Nuevas Energ\u00edas - Puma Energy<\/title>\n<meta name=\"description\" content=\"Energ\u00eda limpia y baja en carbono: Compromiso de Puma Energy.\" \/>\n<meta name=\"robots\" content=\"index, follow, max-snippet:-1, max-image-preview:large, max-video-preview:-1\" \/>\n<link rel=\"canonical\" href=\"https:\/\/pumaenergy.com\/es\/clean-and-low-carbon-energy\/\" \/>\n<meta property=\"og:locale\" content=\"es_ES\" \/>\n<meta property=\"og:type\" content=\"article\" \/>\n<meta property=\"og:title\" content=\"Nuevas Energ\u00edas - Puma Energy\" \/>\n<meta property=\"og:description\" content=\"Energ\u00eda limpia y baja en carbono: Compromiso de Puma Energy.\" \/>\n<meta property=\"og:url\" content=\"https:\/\/pumaenergy.com\/es\/clean-and-low-carbon-energy\/\" \/>\n<meta property=\"og:site_name\" content=\"Puma Energy\" \/>\n<meta property=\"article:publisher\" content=\"https:\/\/www.facebook.com\/PumaEnergy\/\" \/>\n<meta property=\"article:modified_time\" content=\"2023-12-05T18:17:27+00:00\" \/>\n<meta property=\"og:image\" content=\"https:\/\/pumaenergy.com\/wp-content\/uploads\/2023\/09\/puma-energy.jpeg\" \/>\n\t<meta property=\"og:image:width\" content=\"1200\" \/>\n\t<meta property=\"og:image:height\" content=\"630\" \/>\n\t<meta property=\"og:image:type\" content=\"image\/jpeg\" \/>\n<meta name=\"twitter:card\" content=\"summary_large_image\" \/>\n<script type=\"application\/ld+json\" class=\"yoast-schema-graph\">{\"@context\":\"https:\\\/\\\/schema.org\",\"@graph\":[{\"@type\":\"WebPage\",\"@id\":\"https:\\\/\\\/pumaenergy.com\\\/es\\\/clean-and-low-carbon-energy\\\/\",\"url\":\"https:\\\/\\\/pumaenergy.com\\\/es\\\/clean-and-low-carbon-energy\\\/\",\"name\":\"Nuevas Energ\u00edas - Puma Energy\",\"isPartOf\":{\"@id\":\"https:\\\/\\\/pumaenergy.com\\\/es\\\/#website\"},\"datePublished\":\"2023-06-27T14:16:36+00:00\",\"dateModified\":\"2023-12-05T18:17:27+00:00\",\"description\":\"Energ\u00eda limpia y baja en carbono: Compromiso de Puma Energy.\",\"inLanguage\":\"es\",\"potentialAction\":[{\"@type\":\"ReadAction\",\"target\":[\"https:\\\/\\\/pumaenergy.com\\\/es\\\/clean-and-low-carbon-energy\\\/\"]}]},{\"@type\":\"WebSite\",\"@id\":\"https:\\\/\\\/pumaenergy.com\\\/es\\\/#website\",\"url\":\"https:\\\/\\\/pumaenergy.com\\\/es\\\/\",\"name\":\"Puma Energy\",\"description\":\"\",\"publisher\":{\"@id\":\"https:\\\/\\\/pumaenergy.com\\\/es\\\/#organization\"},\"potentialAction\":[{\"@type\":\"SearchAction\",\"target\":{\"@type\":\"EntryPoint\",\"urlTemplate\":\"https:\\\/\\\/pumaenergy.com\\\/es\\\/?s={search_term_string}\"},\"query-input\":{\"@type\":\"PropertyValueSpecification\",\"valueRequired\":true,\"valueName\":\"search_term_string\"}}],\"inLanguage\":\"es\"},{\"@type\":\"Organization\",\"@id\":\"https:\\\/\\\/pumaenergy.com\\\/es\\\/#organization\",\"name\":\"Puma Energy\",\"url\":\"https:\\\/\\\/pumaenergy.com\\\/es\\\/\",\"logo\":{\"@type\":\"ImageObject\",\"inLanguage\":\"es\",\"@id\":\"https:\\\/\\\/pumaenergy.com\\\/es\\\/#\\\/schema\\\/logo\\\/image\\\/\",\"url\":\"https:\\\/\\\/pumaenergy.com\\\/wp-content\\\/uploads\\\/2023\\\/09\\\/puma-energy.jpeg\",\"contentUrl\":\"https:\\\/\\\/pumaenergy.com\\\/wp-content\\\/uploads\\\/2023\\\/09\\\/puma-energy.jpeg\",\"width\":1200,\"height\":630,\"caption\":\"Puma Energy\"},\"image\":{\"@id\":\"https:\\\/\\\/pumaenergy.com\\\/es\\\/#\\\/schema\\\/logo\\\/image\\\/\"},\"sameAs\":[\"https:\\\/\\\/www.facebook.com\\\/PumaEnergy\\\/\"]}]}<\/script>\n<!-- \/ Yoast SEO plugin. -->","yoast_head_json":{"title":"Nuevas Energ\u00edas - Puma Energy","description":"Energ\u00eda limpia y baja en carbono: Compromiso de Puma Energy.","robots":{"index":"index","follow":"follow","max-snippet":"max-snippet:-1","max-image-preview":"max-image-preview:large","max-video-preview":"max-video-preview:-1"},"canonical":"https:\/\/pumaenergy.com\/es\/clean-and-low-carbon-energy\/","og_locale":"es_ES","og_type":"article","og_title":"Nuevas Energ\u00edas - Puma Energy","og_description":"Energ\u00eda limpia y baja en carbono: Compromiso de Puma Energy.","og_url":"https:\/\/pumaenergy.com\/es\/clean-and-low-carbon-energy\/","og_site_name":"Puma Energy","article_publisher":"https:\/\/www.facebook.com\/PumaEnergy\/","article_modified_time":"2023-12-05T18:17:27+00:00","og_image":[{"width":1200,"height":630,"url":"https:\/\/pumaenergy.com\/wp-content\/uploads\/2023\/09\/puma-energy.jpeg","type":"image\/jpeg"}],"twitter_card":"summary_large_image","schema":{"@context":"https:\/\/schema.org","@graph":[{"@type":"WebPage","@id":"https:\/\/pumaenergy.com\/es\/clean-and-low-carbon-energy\/","url":"https:\/\/pumaenergy.com\/es\/clean-and-low-carbon-energy\/","name":"Nuevas Energ\u00edas - Puma Energy","isPartOf":{"@id":"https:\/\/pumaenergy.com\/es\/#website"},"datePublished":"2023-06-27T14:16:36+00:00","dateModified":"2023-12-05T18:17:27+00:00","description":"Energ\u00eda limpia y baja en carbono: Compromiso de Puma Energy.","inLanguage":"es","potentialAction":[{"@type":"ReadAction","target":["https:\/\/pumaenergy.com\/es\/clean-and-low-carbon-energy\/"]}]},{"@type":"WebSite","@id":"https:\/\/pumaenergy.com\/es\/#website","url":"https:\/\/pumaenergy.com\/es\/","name":"Puma Energy","description":"","publisher":{"@id":"https:\/\/pumaenergy.com\/es\/#organization"},"potentialAction":[{"@type":"SearchAction","target":{"@type":"EntryPoint","urlTemplate":"https:\/\/pumaenergy.com\/es\/?s={search_term_string}"},"query-input":{"@type":"PropertyValueSpecification","valueRequired":true,"valueName":"search_term_string"}}],"inLanguage":"es"},{"@type":"Organization","@id":"https:\/\/pumaenergy.com\/es\/#organization","name":"Puma Energy","url":"https:\/\/pumaenergy.com\/es\/","logo":{"@type":"ImageObject","inLanguage":"es","@id":"https:\/\/pumaenergy.com\/es\/#\/schema\/logo\/image\/","url":"https:\/\/pumaenergy.com\/wp-content\/uploads\/2023\/09\/puma-energy.jpeg","contentUrl":"https:\/\/pumaenergy.com\/wp-content\/uploads\/2023\/09\/puma-energy.jpeg","width":1200,"height":630,"caption":"Puma Energy"},"image":{"@id":"https:\/\/pumaenergy.com\/es\/#\/schema\/logo\/image\/"},"sameAs":["https:\/\/www.facebook.com\/PumaEnergy\/"]}]}},"_links":{"self":[{"href":"https:\/\/pumaenergy.com\/es\/wp-json\/wp\/v2\/pages\/5323","targetHints":{"allow":["GET"]}}],"collection":[{"href":"https:\/\/pumaenergy.com\/es\/wp-json\/wp\/v2\/pages"}],"about":[{"href":"https:\/\/pumaenergy.com\/es\/wp-json\/wp\/v2\/types\/page"}],"author":[{"embeddable":true,"href":"https:\/\/pumaenergy.com\/es\/wp-json\/wp\/v2\/users\/27"}],"replies":[{"embeddable":true,"href":"https:\/\/pumaenergy.com\/es\/wp-json\/wp\/v2\/comments?post=5323"}],"version-history":[{"count":5,"href":"https:\/\/pumaenergy.com\/es\/wp-json\/wp\/v2\/pages\/5323\/revisions"}],"predecessor-version":[{"id":14291,"href":"https:\/\/pumaenergy.com\/es\/wp-json\/wp\/v2\/pages\/5323\/revisions\/14291"}],"wp:attachment":[{"href":"https:\/\/pumaenergy.com\/es\/wp-json\/wp\/v2\/media?parent=5323"}],"curies":[{"name":"wp","href":"https:\/\/api.w.org\/{rel}","templated":true}]}}