{"id":5350,"date":"2023-06-27T14:15:56","date_gmt":"2023-06-27T14:15:56","guid":{"rendered":"https:\/\/pumaenergy.com\/?page_id=5350"},"modified":"2023-12-05T18:53:40","modified_gmt":"2023-12-05T18:53:40","slug":"commercial-fuels","status":"publish","type":"page","link":"https:\/\/pumaenergy.com\/es\/commercial-fuels\/","title":{"rendered":"Clientes Industriales"},"content":{"rendered":"<div class=\"m-banner m-banner--medium has-overlay order-default is-vertical\" >\n\n\t\n    \n    <div class=\"m-banner__container container-fluid\" style='--overlayOpacity: 50%;--columns-ratio: 100%;'>\n\n            <div class=\"m-banner__media\">\n        <picture class=\"m-banner__picture\">\n\t\t\t\t\t\t\t\t\t\t\t\t                        <source media=\"(min-width: 1500px)\" srcset=\"https:\/\/pumaenergy.com\/wp-content\/uploads\/2023\/08\/RS36064_Puma-Lubricants-In-Situ_Mining_XP3B9820_cf-1.jpg\">\n\t\t\t\t\t\t\t\t\t\t\t\t\t\t                        <source media=\"(min-width: 1024px)\" srcset=\"https:\/\/pumaenergy.com\/wp-content\/uploads\/2023\/08\/RS36064_Puma-Lubricants-In-Situ_Mining_XP3B9820_cf-1.jpg\">\n\t\t\t\t\t\t\t\t\t\t\t\t\t\t                        <source media=\"(min-width: 768px)\" srcset=\"https:\/\/pumaenergy.com\/wp-content\/uploads\/2023\/08\/RS36064_Puma-Lubricants-In-Situ_Mining_XP3B9820_cf-1-1024x683.jpg\">\n\t\t\t\t\t\t\t\t\t\t\t\t\t\t\t                <source media=\"(min-width: 300px)\" srcset=\"https:\/\/pumaenergy.com\/wp-content\/uploads\/2023\/08\/RS36064_Puma-Lubricants-In-Situ_Mining_XP3B9820_cf-1-768x512.jpg\">\n\t\t\t            <img decoding=\"async\" src=\"https:\/\/pumaenergy.com\/wp-content\/uploads\/2023\/08\/RS36064_Puma-Lubricants-In-Situ_Mining_XP3B9820_cf-1.jpg\" alt=\"Mining Machinery - very big wheel\">\n        <\/picture>\n    <\/div>\n\n        <div class=\"m-banner__inner container flex-left style-dark\">\n\n            \n<div class=\"l-banner  l-gt-d l-gb-d\" style=\"\">\n\n\t<div class=\"blog-breadcrumb\">\n    <div class=\"blog-breadcrumb__inner inner-frame\">\n        <span property=\"itemListElement\" typeof=\"ListItem\">\n            <a property=\"item\" typeof=\"WebPage\" title=\"Go to Homepage\" href=\"\" class=\"\" bcn-aria-current>\n                <svg width=\"30\" height=\"30\" class=\"icon icon-home \"  aria-hidden=\"true\" role=\"img\"><use xlink:href=\"#home\"><\/use><\/svg>            <\/a>\n        <meta property=\"position\" content=\"1\"><\/span>\n\t    <span><\/span><span class=\"separator\">\/<\/span><span property=\"itemListElement\" typeof=\"ListItem\"><a property=\"item\" typeof=\"WebPage\" title=\"Ir a Resources.\" href=\"https:\/\/pumaenergy.com\/es\/resources\/\" class=\"post-root post post-post\" aria-current=\"page\"><span property=\"name\">Resources<\/span><\/a><meta property=\"position\" content=\"2\"><\/span>    <\/div>\n<\/div>\n<div class=\"l-banner__text\">\n        <div class=\"l-banner__inner text-left\">\n\n        <div class=\"c-heading -h1 -with-decoration\">\n\t\t\t                <div class=\"c-heading__pre\">Clientes Industriales<\/div>\n\t\t\t\n\t\t\t\t\t\t\t<h1  class=\"c-heading__title\">Soluciones Energ\u00e9ticas Para Clientes Empresariales<\/h1>\t\t\t\n\t\t\t                <div class=\"c-heading__sub\">Soluciones de energ\u00eda y lubricantes adaptadas a su negocio.<\/div>\n\t\t\t        <\/div>\n\n\t\t    <\/div>\n    \t    <div class=\"c-block__btn\">\n\t\t\n\t\t\t<a href=\"\/es\/contact\/\"  class=\"c-btn -normal -inverted has-icon icon-right \"><span class=\"c-btn__txt -duplicate\" aria-hidden=\"true\">Cont\u00e1ctenos hoy<\/span><span class=\"c-btn__txt -original\">Cont\u00e1ctenos hoy<\/span><span class=\"c-btn__ico\"><svg width=\"30\" height=\"30\" class=\"icon icon-lib-icon-arrow0 \"  aria-hidden=\"true\" role=\"img\"><use xlink:href=\"#lib-icon-arrow0\"><\/use><\/svg><\/span><\/a>\n\t\t    <\/div>\n\t<\/div>\n\n\n<\/div>\n\n                    <\/div>\n    <\/div>\n\n<\/div>\n\n\n<div class=\"m-slider m-slider-v1 l-slider-cards-1 container \"  >\n\n    <div class=\"m-slider__outer\">\n\n        \n        \n        \n        \n        <div class=\"m-slider__container swiper js-slider-simple \" >\n            <div class=\"m-slider__wrapper swiper-wrapper\">\n                \n            <\/div>\n\n                      \n        <\/div>\n\n        \n    <\/div>\n\n<\/div>\n\n\n<div class=\"m-accordion gt has-decoration\"  style='background-color: #f6f6f7; --custom-bg-color: #f6f6f7'>\n\n\t\n\t\n    <div class=\"m-accordion__container container\" style=\"\">\n\t\t\n<div class=\"l-accordion l-accordion-v1 order-default js-acc-wrapper\" style=\"--c-block-gl: 0px;--c-block-gr: 0px;--c-block-gt: 20px;--c-block-gb: 20px;--columns-ratio: 60%;\"  data-animation=\"js\">\n\n\t\n        <div class=\"l-accordion__col l-accordion__content\">\n\n\t\t\t    <div class=\"c-heading -h2 \">\n\t\t\n\t\t\n\t\t\t\t\t<h2  class=\"c-heading__title\">\u00bfPor qu\u00e9 Puma Energy?<\/h2>\t\t\n\t\t    <\/div>\n\n\n            <div class=\"c-accordion c-accordion-v1\">\n\t\t\t\t\n\t\t\t\t\t\n<div class=\"c-accordion__item js-acc-item is-active\">\n\t\t\t\n\t\t<h3  class=\"c-accordion__title-wrap -h3\">        <button class=\"js-acc-button c-accordion__title\">\n\t\t\t            \t\t\tSeguridad del Suministro        <\/button>\n\t\t<\/h3>\t\n    <div class=\"js-acc-content\">\n\t\t\t\t            <div class=\"c-accordion__content\">\n                <div class=\"is-wysiwyg\">\n\t\t\t\t\t<p>Nuestra s\u00f3lida cadena de suministro global significa que siempre tendr\u00e1 la energ\u00eda que necesita cuando la necesita<\/p>\n                <\/div>\n\t\t\t\t\t\t\t\t\t\t    <div class=\"c-block__btn\">\n\t\t\n\t\t\t\n\t\t    <\/div>\n\t\t\t\t\t            <\/div>\n\t\t    <\/div>\n\n<\/div>\n\n\t\t\t\t\t\n\t\t\t\t\t\n<div class=\"c-accordion__item js-acc-item\">\n\t\t\t\n\t\t<h3  class=\"c-accordion__title-wrap -h3\">        <button class=\"js-acc-button c-accordion__title\">\n\t\t\t            \t\t\tLog\u00edstica Flexible        <\/button>\n\t\t<\/h3>\t\n    <div class=\"js-acc-content\">\n\t\t\t\t            <div class=\"c-accordion__content\">\n                <div class=\"is-wysiwyg\">\n\t\t\t\t\t<p>Desde entregas in situ hasta tiempos de recogida flexibles, encajamos con usted<\/p>\n                <\/div>\n\t\t\t\t            <\/div>\n\t\t    <\/div>\n\n<\/div>\n\n\t\t\t\t\t\n\t\t\t\t\t\n<div class=\"c-accordion__item js-acc-item\">\n\t\t\t\n\t\t<h3  class=\"c-accordion__title-wrap -h3\">        <button class=\"js-acc-button c-accordion__title\">\n\t\t\t            \t\t\tGesti\u00f3n de Activos        <\/button>\n\t\t<\/h3>\t\n    <div class=\"js-acc-content\">\n\t\t\t\t            <div class=\"c-accordion__content\">\n                <div class=\"is-wysiwyg\">\n\t\t\t\t\t<p>Podemos ayudarlo a liberar su capital instalando y administrando los activos en el sitio que necesita.<\/p>\n                <\/div>\n\t\t\t\t            <\/div>\n\t\t    <\/div>\n\n<\/div>\n\n\t\t\t\t\t\n\t\t\t\t\t\n<div class=\"c-accordion__item js-acc-item\">\n\t\t\t\n\t\t<h3  class=\"c-accordion__title-wrap -h3\">        <button class=\"js-acc-button c-accordion__title\">\n\t\t\t            \t\t\tSoluciones de Cr\u00e9dito y Fijaci\u00f3n de Precios        <\/button>\n\t\t<\/h3>\t\n    <div class=\"js-acc-content\">\n\t\t\t\t            <div class=\"c-accordion__content\">\n                <div class=\"is-wysiwyg\">\n\t\t\t\t\t<p>Ofrecemos soluciones de cr\u00e9dito y precios a medida para satisfacer sus necesidades espec\u00edficas.<\/p>\n                <\/div>\n\t\t\t\t            <\/div>\n\t\t    <\/div>\n\n<\/div>\n\n\t\t\t\t\t\n\t\t\t\t\t\n<div class=\"c-accordion__item js-acc-item\">\n\t\t\t\n\t\t<h3  class=\"c-accordion__title-wrap -h3\">        <button class=\"js-acc-button c-accordion__title\">\n\t\t\t            \t\t\tSoluciones Energ\u00e9ticas Integradas        <\/button>\n\t\t<\/h3>\t\n    <div class=\"js-acc-content\">\n\t\t\t\t            <div class=\"c-accordion__content\">\n                <div class=\"is-wysiwyg\">\n\t\t\t\t\t<p>Ofrecemos soluciones energ\u00e9ticas integradas, que incluyen combustibles limpios y con bajas emisiones de carbono para brindarle todo lo que necesita como un servicio de alta calidad.<\/p>\n                <\/div>\n\t\t\t\t            <\/div>\n\t\t    <\/div>\n\n<\/div>\n\n\t\t\t\t\t\n\t\t\t\t\t\n<div class=\"c-accordion__item js-acc-item\">\n\t\t\t\n\t\t<h3  class=\"c-accordion__title-wrap -h3\">        <button class=\"js-acc-button c-accordion__title\">\n\t\t\t            \t\t\tLiderando con Digital.        <\/button>\n\t\t<\/h3>\t\n    <div class=\"js-acc-content\">\n\t\t\t\t            <div class=\"c-accordion__content\">\n                <div class=\"is-wysiwyg\">\n\t\t\t\t\t<p>Nuestras soluciones de pedidos y facturas digitales proporcionan la forma m\u00e1s f\u00e1cil y eficiente de interactuar con nosotros.<\/p>\n                <\/div>\n\t\t\t\t            <\/div>\n\t\t    <\/div>\n\n<\/div>\n\n\t\t\t\t\t\n\t\t\t\t\t\n<div class=\"c-accordion__item js-acc-item\">\n\t\t\t\n\t\t<h3  class=\"c-accordion__title-wrap -h3\">        <button class=\"js-acc-button c-accordion__title\">\n\t\t\t            \t\t\tCalidad del Producto        <\/button>\n\t\t<\/h3>\t\n    <div class=\"js-acc-content\">\n\t\t\t\t            <div class=\"c-accordion__content\">\n                <div class=\"is-wysiwyg\">\n\t\t\t\t\t<p>Nuestros productos cumplen con los requisitos de calidad y reglamentarios y las especificaciones t\u00e9cnicas.<\/p>\n                <\/div>\n\t\t\t\t            <\/div>\n\t\t    <\/div>\n\n<\/div>\n\n\t\t\t\t\t\n\t\t\t\t\t\n<div class=\"c-accordion__item js-acc-item\">\n\t\t\t\n\t\t<h3  class=\"c-accordion__title-wrap -h3\">        <button class=\"js-acc-button c-accordion__title\">\n\t\t\t            \t\t\tSalesforce Dedicado        <\/button>\n\t\t<\/h3>\t\n    <div class=\"js-acc-content\">\n\t\t\t\t            <div class=\"c-accordion__content\">\n                <div class=\"is-wysiwyg\">\n\t\t\t\t\t<p>Su gerente de cuenta dedicado se centrar\u00e1 en comprender sus necesidades y asegurarse de que podamos satisfacerlas.<\/p>\n                <\/div>\n\t\t\t\t            <\/div>\n\t\t    <\/div>\n\n<\/div>\n\n\t\t\t\t\t\n\t\t\t\t\t\n<div class=\"c-accordion__item js-acc-item\">\n\t\t\t\n\t\t<h3  class=\"c-accordion__title-wrap -h3\">        <button class=\"js-acc-button c-accordion__title\">\n\t\t\t            \t\t\tTransferencia Global de Conocimientos        <\/button>\n\t\t<\/h3>\t\n    <div class=\"js-acc-content\">\n\t\t\t\t            <div class=\"c-accordion__content\">\n                <div class=\"is-wysiwyg\">\n\t\t\t\t\t<p>Compartimos nuestra experiencia global con nuestros clientes para que pueda impulsar las habilidades y la experiencia de su negocio.<\/p>\n                <\/div>\n\t\t\t\t            <\/div>\n\t\t    <\/div>\n\n<\/div>\n\n\t\t\t\t\t            <\/div>\n\n\t\t\t                            <div class=\"l-accordion__decoration -left-bottom\">\n                    <img decoding=\"async\" src=\"https:\/\/pumaenergy.com\/wp-content\/uploads\/2023\/05\/energising-community.svg\" alt=\"energising-community\" loading=\"lazy\">\n                <\/div>\n                    <\/div>\n\n        <div class=\"l-accordion__col l-accordion__media\">\n\t\t\t                <div class=\"c-accordion__media c-accordion__media--has-overlay is-active\">\n\n\t\t\t\t\t    <div class=\"c-image front-h-left front-v-center main-h-full main-v-center r-1x1 is-image\">\n\n\t\t            <div class=\"c-image__media c-image__primary\">\n                <img decoding=\"async\" class=\"c-image__src\" src=\"https:\/\/pumaenergy.com\/wp-content\/uploads\/2023\/09\/RS42944_shutterstock_99418586-2.jpg\" loading=\"lazy\" alt=\"Commercial Fuels Mining \">\n            <\/div>\n\t\t\n\t\t\n    <\/div>\n\n\t\t\t\t\t\n                <\/div>\n\t\t\t        <\/div>\n\n\t\n<\/div>\n    <\/div>\n<\/div>\n\n\n\n<div class=\"separators-custom-box\"  >\n\n\t\n\t\n<div class=\"m-wrapper gt gb has-columns align-top container-fluid list-with-images\" style=\"\">\n\t<div class=\"m-wrapper__inner\">\n\n\t\t<div class=\"m-block gt gb l-content-simple-1\">\n\t\t\t<div class=\"m-block__container container\">\n\t\t\t\t<div class=\"l-heading text-left l-heading-v1\">\n\t\t\t\t\t<div class=\"c-heading -h2 -with-decoration\">\n\t\t\t\t\t\t\t\t\t\t\t\t\n\t\t\t\t\t\t\t\t\t\t\t\t\t<h2 class=\"c-heading__title\">\n\t\t\t\t\t\t\t\tDise\u00f1o de Soluciones Energ\u00e9ticas en Torno a su Negocio\t\t\t\t\t\t\t<\/h2>\n\t\t\t\t\t\t\t\t\t\t\t<\/div>\n\t\t\t\t<\/div>\n\n\t\t\t\t<div class=\"c-block__media\">\n\t\t\t\t\t<div class=\"c-image front-h-right front-v-bottom main-h-right main-v-center r-none is-image\">\n\t\t\t\t\t\t\n\t\t\t\t\t\t\t\t\t\t\t\t\t<div class=\"c-image__media c-image__primary\">\n\t\t\t\t\t\t\t\t<img decoding=\"async\" class=\"c-image__src\" src=\"https:\/\/pumaenergy.com\/wp-content\/uploads\/2023\/05\/RS36080_Puma_Zambia_Wednesday-3266_cf-1-min.jpg\" alt=\"Puma Employee walking past trains\" loading=\"lazy\" \/>\n\t\t\t\t\t\t\t<\/div>\n\t\t\t\t\t\t\t\t\t\t\t\t\n\t\t\t\t\t\t\n\t\t\t\t\t<\/div>\n\t\t\t\t<\/div>\n\t\t\t<\/div>\n\t\t<\/div>\n\t\t\n\t\t<div class=\"m-block gt gb l-content-1\">\n\t\t\t<div class=\"m-block__container container\" style=\"\">\n\t\t\t\t\t\t\t\t\t<ul class=\"list-with-images__items\">\n\t\t\t\t\t\t\t\t\t\t\t\t\t\t\t\t\t\t\t\t<li class=\"list-with-images__item\">\n\t\t\t\t\t\t\t\t\t\t\t\t\t\t\t\t\t\t\t\t\t\t\t\t\t\t\n\t\t\t\t\t\t\t\t\t<div class=\"list-with-images__item-title\">\n\t\t\t\t\t\t\t\t\t\t<h2  >Miner\u00eda<\/h2>\t\t\t\t\t\t\t\t\t<\/div>\n\t\t\t\t\t\t\t\t\t\n\t\t\t\t\t\t\t\t\t\t\t\t\t\t\t\t\t\t\t\t\t\t\t\t\t<div class=\"list-with-images__item-text\" >\n\t\t\t\t\t\t\t\t\t\tNuestras soluciones integradas para clientes mineros incluyen combustibles tradicionales, energ\u00eda limpia y baja en carbono y lubricantes como una soluci\u00f3n personalizada.\t\t\t\t\t\t\t\t\t<\/div>\n\t\t\t\t\t\t\t\t\t\t\t\t\t\t\t<\/li>\n\t\t\t\t\t\t\t\t\t\t\t\t\t\t\t\t\t\t\t\t<li class=\"list-with-images__item\">\n\t\t\t\t\t\t\t\t\t\t\t\t\t\t\t\t\t\t\t\t\t\t\t\t\t\t\n\t\t\t\t\t\t\t\t\t<div class=\"list-with-images__item-title\">\n\t\t\t\t\t\t\t\t\t\t<h2  >Agricultura<\/h2>\t\t\t\t\t\t\t\t\t<\/div>\n\t\t\t\t\t\t\t\t\t\n\t\t\t\t\t\t\t\t\t\t\t\t\t\t\t\t\t\t\t\t\t\t\t\t\t<div class=\"list-with-images__item-text\" >\n\t\t\t\t\t\t\t\t\t\t Soluciones de combustibles y lubricantes para la agricultura\t\t\t\t\t\t\t\t\t<\/div>\n\t\t\t\t\t\t\t\t\t\t\t\t\t\t\t<\/li>\n\t\t\t\t\t\t\t\t\t\t\t\t\t\t\t\t\t\t\t\t<li class=\"list-with-images__item\">\n\t\t\t\t\t\t\t\t\t\t\t\t\t\t\t\t\t\t\t\t\t\t\t\t\t\t\n\t\t\t\t\t\t\t\t\t<div class=\"list-with-images__item-title\">\n\t\t\t\t\t\t\t\t\t\t<h2  >Transporte<\/h2>\t\t\t\t\t\t\t\t\t<\/div>\n\t\t\t\t\t\t\t\t\t\n\t\t\t\t\t\t\t\t\t\t\t\t\t\t\t\t\t\t\t\t\t\t\t\t\t<div class=\"list-with-images__item-text\" >\n\t\t\t\t\t\t\t\t\t\tOfrecemos soluciones de flota de clase mundial que cruzan fronteras con usted. Con nuestra ventanilla \u00fanica y tarjeta de flota, puede repostar y administrar su flota de manera eficiente y confiable.\t\t\t\t\t\t\t\t\t<\/div>\n\t\t\t\t\t\t\t\t\t\t\t\t\t\t\t<\/li>\n\t\t\t\t\t\t\t\t\t\t\t\t\t\t\t\t\t\t\t\t<li class=\"list-with-images__item\">\n\t\t\t\t\t\t\t\t\t\t\t\t\t\t\t\t\t\t\t\t\t\t\t\t\t\t\n\t\t\t\t\t\t\t\t\t<div class=\"list-with-images__item-title\">\n\t\t\t\t\t\t\t\t\t\t<h2  >Construcci\u00f3n<\/h2>\t\t\t\t\t\t\t\t\t<\/div>\n\t\t\t\t\t\t\t\t\t\n\t\t\t\t\t\t\t\t\t\t\t\t\t\t\t\t\t\t\t\t\t\t\t\t\t<div class=\"list-with-images__item-text\" >\n\t\t\t\t\t\t\t\t\t\tDesde energizar plantas de cemento hasta proporcionar energ\u00eda y combustible temporales en el sitio, adaptamos una soluci\u00f3n que funciona para usted.\t\t\t\t\t\t\t\t\t<\/div>\n\t\t\t\t\t\t\t\t\t\t\t\t\t\t\t<\/li>\n\t\t\t\t\t\t\t\t\t\t\t\t\t\t\t\t\t\t\t\t<li class=\"list-with-images__item\">\n\t\t\t\t\t\t\t\t\t\t\t\t\t\t\t\t\t\t\t\t\t\t\t\t\t\t\n\t\t\t\t\t\t\t\t\t<div class=\"list-with-images__item-title\">\n\t\t\t\t\t\t\t\t\t\t<h2  >Generaci\u00f3n de energ\u00eda<\/h2>\t\t\t\t\t\t\t\t\t<\/div>\n\t\t\t\t\t\t\t\t\t\n\t\t\t\t\t\t\t\t\t\t\t\t\t\t\t\t\t\t\t\t\t\t\t\t\t<div class=\"list-with-images__item-text\" >\n\t\t\t\t\t\t\t\t\t\tSabemos que las operaciones 24\/7 son cruciales para nuestros clientes de generaci\u00f3n de energ\u00eda y ofrecemos soluciones personalizadas de energ\u00eda y lubricantes en las que puede confiar.\t\t\t\t\t\t\t\t\t<\/div>\n\t\t\t\t\t\t\t\t\t\t\t\t\t\t\t<\/li>\n\t\t\t\t\t\t\t\t\t\t\t\t\t\t\t\t\t\t\t\t<li class=\"list-with-images__item\">\n\t\t\t\t\t\t\t\t\t\t\t\t\t\t\t\t\t\t\t\t\t\t\t\t\t\t\n\t\t\t\t\t\t\t\t\t<div class=\"list-with-images__item-title\">\n\t\t\t\t\t\t\t\t\t\t<h2  >Industrial<\/h2>\t\t\t\t\t\t\t\t\t<\/div>\n\t\t\t\t\t\t\t\t\t\n\t\t\t\t\t\t\t\t\t\t\t\t\t\t\t\t\t\t\t\t\t\t\t\t\t<div class=\"list-with-images__item-text\" >\n\t\t\t\t\t\t\t\t\t\tGarantizar un suministro fiable de combustibles y lubricantes de alta calidad es solo una parte de la soluci\u00f3n para nuestros clientes industriales. Mejoramos y simplificamos a trav\u00e9s de servicios de valor agregado y herramientas digitales.  \t\t\t\t\t\t\t\t\t<\/div>\n\t\t\t\t\t\t\t\t\t\t\t\t\t\t\t<\/li>\n\t\t\t\t\t\t\t\t\t\t\t\t\t\t\t\t\t\t\t\t<li class=\"list-with-images__item\">\n\t\t\t\t\t\t\t\t\t\t\t\t\t\t\t\t\t\t\t\t\t\t\t\t\t\t\n\t\t\t\t\t\t\t\t\t<div class=\"list-with-images__item-title\">\n\t\t\t\t\t\t\t\t\t\t<h2  >Marina<\/h2>\t\t\t\t\t\t\t\t\t<\/div>\n\t\t\t\t\t\t\t\t\t\n\t\t\t\t\t\t\t\t\t\t\t\t\t\t\t\t\t\t\t\t\t\t\t\t\t<div class=\"list-with-images__item-text\" >\n\t\t\t\t\t\t\t\t\t\tTrabajamos en estrecha colaboraci\u00f3n con las empresas marinas para satisfacer sus necesidades de energ\u00eda y lubricantes dondequiera que se nos necesite.\t\t\t\t\t\t\t\t\t<\/div>\n\t\t\t\t\t\t\t\t\t\t\t\t\t\t\t<\/li>\n\t\t\t\t\t\t\t\t\t\t\t\t\t\t\t\t\t\t\t\t<li class=\"list-with-images__item\">\n\t\t\t\t\t\t\t\t\t\t\t\t\t\t\t\t\t\t\t\t\t\t\t\t\t\t\n\t\t\t\t\t\t\t\t\t<div class=\"list-with-images__item-title\">\n\t\t\t\t\t\t\t\t\t\t<h2  >Gobiernos y empresas estatales<\/h2>\t\t\t\t\t\t\t\t\t<\/div>\n\t\t\t\t\t\t\t\t\t\n\t\t\t\t\t\t\t\t\t\t\t\t\t\t\t\t\t\t\t\t\t\t\t\t\t<div class=\"list-with-images__item-text\" >\n\t\t\t\t\t\t\t\t\t\tNos centramos en las relaciones a largo plazo con los gobiernos y las empresas estatales para crear soluciones energ\u00e9ticas flexibles que respalden los compromisos ESG.\t\t\t\t\t\t\t\t\t<\/div>\n\t\t\t\t\t\t\t\t\t\t\t\t\t\t\t<\/li>\n\t\t\t\t\t\t\t\t\t\t\t\t\t\t\t\t\t\t\t\t<li class=\"list-with-images__item\">\n\t\t\t\t\t\t\t\t\t\t\t\t\t\t\t\t\t\t\t\t\t\t\t\t\t\t\n\t\t\t\t\t\t\t\t\t<div class=\"list-with-images__item-title\">\n\t\t\t\t\t\t\t\t\t\t<h2  >Distribuidoras de combustible de marca y sin marca<\/h2>\t\t\t\t\t\t\t\t\t<\/div>\n\t\t\t\t\t\t\t\t\t\n\t\t\t\t\t\t\t\t\t\t\t\t\t\t\t\t\t\t\t\t\t\t\t\t\t<div class=\"list-with-images__item-text\" >\n\t\t\t\t\t\t\t\t\t\tSuministramos combustibles de la m\u00e1s alta calidad sin marca y sin marca distribuidores de combustible y apoyamos a nuestros distribuidores de la marca Puma Energy para ayudarlos a construir su negocio y tener \u00e9xito con nosotros.\t\t\t\t\t\t\t\t\t<\/div>\n\t\t\t\t\t\t\t\t\t\t\t\t\t\t\t<\/li>\n\t\t\t\t\t\t\t\t\t\t\t<\/ul>\n\t\t\t\t\t\t\t<\/div>\n\t\t<\/div>\n\t\t\n\t<\/div>\n<\/div>\n<\/div>\n","protected":false},"excerpt":{"rendered":"","protected":false},"author":27,"featured_media":0,"parent":0,"menu_order":0,"comment_status":"closed","ping_status":"closed","template":"","meta":{"_acf_changed":false,"inline_featured_image":false,"footnotes":""},"class_list":["post-5350","page","type-page","status-publish","hentry"],"acf":[],"yoast_head":"<!-- This site is optimized with the Yoast SEO plugin v27.3 - https:\/\/yoast.com\/product\/yoast-seo-wordpress\/ -->\n<title>Clientes Industriales - Puma Energy<\/title>\n<meta name=\"description\" content=\"Combustibles comerciales de Puma Energy: Soluciones energ\u00e9ticas para tu empresa.\" \/>\n<meta name=\"robots\" content=\"index, follow, max-snippet:-1, max-image-preview:large, max-video-preview:-1\" \/>\n<link rel=\"canonical\" href=\"https:\/\/pumaenergy.com\/es\/commercial-fuels\/\" \/>\n<meta property=\"og:locale\" content=\"es_ES\" \/>\n<meta property=\"og:type\" content=\"article\" \/>\n<meta property=\"og:title\" content=\"Clientes Industriales - Puma Energy\" \/>\n<meta property=\"og:description\" content=\"Combustibles comerciales de Puma Energy: Soluciones energ\u00e9ticas para tu empresa.\" \/>\n<meta property=\"og:url\" content=\"https:\/\/pumaenergy.com\/es\/commercial-fuels\/\" \/>\n<meta property=\"og:site_name\" content=\"Puma Energy\" \/>\n<meta property=\"article:publisher\" content=\"https:\/\/www.facebook.com\/PumaEnergy\/\" \/>\n<meta property=\"article:modified_time\" content=\"2023-12-05T18:53:40+00:00\" \/>\n<meta property=\"og:image\" content=\"https:\/\/pumaenergy.com\/wp-content\/uploads\/2023\/09\/puma-energy.jpeg\" \/>\n\t<meta property=\"og:image:width\" content=\"1200\" \/>\n\t<meta property=\"og:image:height\" content=\"630\" \/>\n\t<meta property=\"og:image:type\" content=\"image\/jpeg\" \/>\n<meta name=\"twitter:card\" content=\"summary_large_image\" \/>\n<script type=\"application\/ld+json\" class=\"yoast-schema-graph\">{\"@context\":\"https:\\\/\\\/schema.org\",\"@graph\":[{\"@type\":\"WebPage\",\"@id\":\"https:\\\/\\\/pumaenergy.com\\\/es\\\/commercial-fuels\\\/\",\"url\":\"https:\\\/\\\/pumaenergy.com\\\/es\\\/commercial-fuels\\\/\",\"name\":\"Clientes Industriales - Puma Energy\",\"isPartOf\":{\"@id\":\"https:\\\/\\\/pumaenergy.com\\\/es\\\/#website\"},\"datePublished\":\"2023-06-27T14:15:56+00:00\",\"dateModified\":\"2023-12-05T18:53:40+00:00\",\"description\":\"Combustibles comerciales de Puma Energy: Soluciones energ\u00e9ticas para tu empresa.\",\"inLanguage\":\"es\",\"potentialAction\":[{\"@type\":\"ReadAction\",\"target\":[\"https:\\\/\\\/pumaenergy.com\\\/es\\\/commercial-fuels\\\/\"]}]},{\"@type\":\"WebSite\",\"@id\":\"https:\\\/\\\/pumaenergy.com\\\/es\\\/#website\",\"url\":\"https:\\\/\\\/pumaenergy.com\\\/es\\\/\",\"name\":\"Puma Energy\",\"description\":\"\",\"publisher\":{\"@id\":\"https:\\\/\\\/pumaenergy.com\\\/es\\\/#organization\"},\"potentialAction\":[{\"@type\":\"SearchAction\",\"target\":{\"@type\":\"EntryPoint\",\"urlTemplate\":\"https:\\\/\\\/pumaenergy.com\\\/es\\\/?s={search_term_string}\"},\"query-input\":{\"@type\":\"PropertyValueSpecification\",\"valueRequired\":true,\"valueName\":\"search_term_string\"}}],\"inLanguage\":\"es\"},{\"@type\":\"Organization\",\"@id\":\"https:\\\/\\\/pumaenergy.com\\\/es\\\/#organization\",\"name\":\"Puma Energy\",\"url\":\"https:\\\/\\\/pumaenergy.com\\\/es\\\/\",\"logo\":{\"@type\":\"ImageObject\",\"inLanguage\":\"es\",\"@id\":\"https:\\\/\\\/pumaenergy.com\\\/es\\\/#\\\/schema\\\/logo\\\/image\\\/\",\"url\":\"https:\\\/\\\/pumaenergy.com\\\/wp-content\\\/uploads\\\/2023\\\/09\\\/puma-energy.jpeg\",\"contentUrl\":\"https:\\\/\\\/pumaenergy.com\\\/wp-content\\\/uploads\\\/2023\\\/09\\\/puma-energy.jpeg\",\"width\":1200,\"height\":630,\"caption\":\"Puma Energy\"},\"image\":{\"@id\":\"https:\\\/\\\/pumaenergy.com\\\/es\\\/#\\\/schema\\\/logo\\\/image\\\/\"},\"sameAs\":[\"https:\\\/\\\/www.facebook.com\\\/PumaEnergy\\\/\"]}]}<\/script>\n<!-- \/ Yoast SEO plugin. -->","yoast_head_json":{"title":"Clientes Industriales - Puma Energy","description":"Combustibles comerciales de Puma Energy: Soluciones energ\u00e9ticas para tu empresa.","robots":{"index":"index","follow":"follow","max-snippet":"max-snippet:-1","max-image-preview":"max-image-preview:large","max-video-preview":"max-video-preview:-1"},"canonical":"https:\/\/pumaenergy.com\/es\/commercial-fuels\/","og_locale":"es_ES","og_type":"article","og_title":"Clientes Industriales - Puma Energy","og_description":"Combustibles comerciales de Puma Energy: Soluciones energ\u00e9ticas para tu empresa.","og_url":"https:\/\/pumaenergy.com\/es\/commercial-fuels\/","og_site_name":"Puma Energy","article_publisher":"https:\/\/www.facebook.com\/PumaEnergy\/","article_modified_time":"2023-12-05T18:53:40+00:00","og_image":[{"width":1200,"height":630,"url":"https:\/\/pumaenergy.com\/wp-content\/uploads\/2023\/09\/puma-energy.jpeg","type":"image\/jpeg"}],"twitter_card":"summary_large_image","schema":{"@context":"https:\/\/schema.org","@graph":[{"@type":"WebPage","@id":"https:\/\/pumaenergy.com\/es\/commercial-fuels\/","url":"https:\/\/pumaenergy.com\/es\/commercial-fuels\/","name":"Clientes Industriales - Puma Energy","isPartOf":{"@id":"https:\/\/pumaenergy.com\/es\/#website"},"datePublished":"2023-06-27T14:15:56+00:00","dateModified":"2023-12-05T18:53:40+00:00","description":"Combustibles comerciales de Puma Energy: Soluciones energ\u00e9ticas para tu empresa.","inLanguage":"es","potentialAction":[{"@type":"ReadAction","target":["https:\/\/pumaenergy.com\/es\/commercial-fuels\/"]}]},{"@type":"WebSite","@id":"https:\/\/pumaenergy.com\/es\/#website","url":"https:\/\/pumaenergy.com\/es\/","name":"Puma Energy","description":"","publisher":{"@id":"https:\/\/pumaenergy.com\/es\/#organization"},"potentialAction":[{"@type":"SearchAction","target":{"@type":"EntryPoint","urlTemplate":"https:\/\/pumaenergy.com\/es\/?s={search_term_string}"},"query-input":{"@type":"PropertyValueSpecification","valueRequired":true,"valueName":"search_term_string"}}],"inLanguage":"es"},{"@type":"Organization","@id":"https:\/\/pumaenergy.com\/es\/#organization","name":"Puma Energy","url":"https:\/\/pumaenergy.com\/es\/","logo":{"@type":"ImageObject","inLanguage":"es","@id":"https:\/\/pumaenergy.com\/es\/#\/schema\/logo\/image\/","url":"https:\/\/pumaenergy.com\/wp-content\/uploads\/2023\/09\/puma-energy.jpeg","contentUrl":"https:\/\/pumaenergy.com\/wp-content\/uploads\/2023\/09\/puma-energy.jpeg","width":1200,"height":630,"caption":"Puma Energy"},"image":{"@id":"https:\/\/pumaenergy.com\/es\/#\/schema\/logo\/image\/"},"sameAs":["https:\/\/www.facebook.com\/PumaEnergy\/"]}]}},"_links":{"self":[{"href":"https:\/\/pumaenergy.com\/es\/wp-json\/wp\/v2\/pages\/5350","targetHints":{"allow":["GET"]}}],"collection":[{"href":"https:\/\/pumaenergy.com\/es\/wp-json\/wp\/v2\/pages"}],"about":[{"href":"https:\/\/pumaenergy.com\/es\/wp-json\/wp\/v2\/types\/page"}],"author":[{"embeddable":true,"href":"https:\/\/pumaenergy.com\/es\/wp-json\/wp\/v2\/users\/27"}],"replies":[{"embeddable":true,"href":"https:\/\/pumaenergy.com\/es\/wp-json\/wp\/v2\/comments?post=5350"}],"version-history":[{"count":5,"href":"https:\/\/pumaenergy.com\/es\/wp-json\/wp\/v2\/pages\/5350\/revisions"}],"predecessor-version":[{"id":14296,"href":"https:\/\/pumaenergy.com\/es\/wp-json\/wp\/v2\/pages\/5350\/revisions\/14296"}],"wp:attachment":[{"href":"https:\/\/pumaenergy.com\/es\/wp-json\/wp\/v2\/media?parent=5350"}],"curies":[{"name":"wp","href":"https:\/\/api.w.org\/{rel}","templated":true}]}}