{"id":574,"date":"2023-06-22T11:18:55","date_gmt":"2023-06-22T11:18:55","guid":{"rendered":"https:\/\/pumaenergy.com\/?page_id=574"},"modified":"2023-12-05T19:16:13","modified_gmt":"2023-12-05T19:16:13","slug":"terms-of-use","status":"publish","type":"page","link":"https:\/\/pumaenergy.com\/es\/terms-of-use\/","title":{"rendered":"T\u00e9rminos y Condiciones"},"content":{"rendered":"<div class=\"m-banner m-banner--small gt gb order-default\" >\n\n\t\n    \n    <div class=\"m-banner__container container-fluid\" style='--columns-ratio: 100%;'>\n\n        \n        <div class=\"m-banner__inner container flex-left style-dark\">\n\n            \n<div class=\"l-banner  l-gt-d l-gb-d\" style=\"\">\n\n\t<div class=\"blog-breadcrumb\">\n    <div class=\"blog-breadcrumb__inner inner-frame\">\n        <span property=\"itemListElement\" typeof=\"ListItem\">\n            <a property=\"item\" typeof=\"WebPage\" title=\"Go to Homepage\" href=\"\" class=\"\" bcn-aria-current>\n                <svg width=\"30\" height=\"30\" class=\"icon icon-home \"  aria-hidden=\"true\" role=\"img\"><use xlink:href=\"#home\"><\/use><\/svg>            <\/a>\n        <meta property=\"position\" content=\"1\"><\/span>\n\t    <span><\/span><span class=\"separator\">\/<\/span><span property=\"itemListElement\" typeof=\"ListItem\"><a property=\"item\" typeof=\"WebPage\" title=\"Ir a Resources.\" href=\"https:\/\/pumaenergy.com\/es\/resources\/\" class=\"post-root post post-post\" aria-current=\"page\"><span property=\"name\">Resources<\/span><\/a><meta property=\"position\" content=\"2\"><\/span>    <\/div>\n<\/div>\n<div class=\"l-banner__text\">\n        <div class=\"l-banner__inner text-center\">\n\n        <div class=\"c-heading -h1 \">\n\t\t\t\n\t\t\t\t\t\t\t<h1  class=\"c-heading__title\">T\u00c9RMINOS Y CONDICIONES<\/h1>\t\t\t\n\t\t\t        <\/div>\n\n\t\t    <\/div>\n    <\/div>\n\n\n<\/div>\n\n                    <\/div>\n    <\/div>\n\n<\/div>\n\n\n<div class=\"m-block gt gb l-content-simple-1\"  >\n\n\t\n\t\n    <div class=\"m-block__container container\" style=\"\">\n\t\t\n<div class=\"l-heading text-left l-heading-v1\">\n\n\t    <div class=\"c-heading -h2 \">\n\t\t\n\t\t\n\t\t\t\t\t<h2  class=\"c-heading__title\">\u00bfQu\u00e9 hay en estos t\u00e9rminos?<\/h2>\t\t\n\t\t    <\/div>\n    <div class=\"c-heading__description is-wysiwyg\">\n        <p>Estos t\u00e9rminos le indican las reglas para usar nuestro sitio web www.pumaenergy.com y, si corresponde, las reglas relevantes para su uso del Portal ePuma y la Aplicaci\u00f3n m\u00f3vil del Portal ePuma (la \u00abAplicaci\u00f3n\u00bb). Una referencia en estos t\u00e9rminos a \u00abnuestro sitio web\u00bb se considerar\u00e1 (seg\u00fan corresponda) que tambi\u00e9n incluye una referencia a \u00abla aplicaci\u00f3n\u00bb.<\/p>\n<p>Estos t\u00e9rminos de uso se proporcionan en un formato en capas para que pueda hacer clic en las \u00e1reas espec\u00edficas que se detallan a continuaci\u00f3n. Alternativamente, puede descargar una versi\u00f3n en pdf de estos t\u00e9rminos aqu\u00ed.<\/p>\n    <\/div>\n\n\n\t\n<\/div>\n    <\/div>\n\n\t\n<\/div>\n\n\n<div class=\"m-block gt gb l-content-simple-1\"  >\n\n\t\n\t\n    <div class=\"m-block__container container\" style=\"\">\n\t\t\n<div class=\"l-heading text-left l-heading-v1\">\n\n\t    <div class=\"c-heading -h2 \">\n\t\t\n\t\t\n\t\t\t\t\t<h2  class=\"c-heading__title\">Qui\u00e9nes somos y c\u00f3mo contactarnos<\/h2>\t\t\n\t\t    <\/div>\n    <div class=\"c-heading__description is-wysiwyg\">\n        <p>www.pumaenergy.com es un sitio web operado por Puma Energy International SA, constituida en Suiza y cuyo domicilio social se encuentra en 1 Rue de Jargonnant, 1207 Ginebra, Suiza \u00abPuma\u00bb (\u00abnosotros\u00bb, \u00abnos\u00bb o \u00abnuestro\u00bb). Puma es parte de un grupo que est\u00e1 formado por diferentes entidades legales (el \u00abGrupo Puma\u00bb).<\/p>\n<p>Estos t\u00e9rminos se emiten en nombre del Grupo Puma. Hemos designado a ciertas personas que son responsables de supervisar las preguntas relacionadas con estos t\u00e9rminos. Si tiene alguna pregunta sobre estos t\u00e9rminos, incluida cualquier solicitud para ejercer sus derechos legales en relaci\u00f3n con nuestro uso de sus datos, p\u00f3ngase en contacto con nosotros utilizando los detalles que se detallan a continuaci\u00f3n.<\/p>\n<p>Direcci\u00f3n de correo electr\u00f3nico: enquiries@pumaenergy.com<\/p>\n<p>Direcci\u00f3n postal: 1 Rue de Jargonnant, 1207 Ginebra, Suiza<\/p>\n    <\/div>\n\n\n\t\n<\/div>\n    <\/div>\n\n\t\n<\/div>\n\n\n<div class=\"m-block gt gb l-content-simple-1\"  >\n\n\t\n\t\n    <div class=\"m-block__container container\" style=\"\">\n\t\t\n<div class=\"l-heading text-left l-heading-v1\">\n\n\t    <div class=\"c-heading -h2 \">\n\t\t\n\t\t\n\t\t\t\t\t<h2  class=\"c-heading__title\">Al utilizar nuestro sitio web usted acepta estos t\u00e9rminos<\/h2>\t\t\n\t\t    <\/div>\n    <div class=\"c-heading__description is-wysiwyg\">\n        <p>Al utilizar nuestro sitio web, usted confirma que acepta estos t\u00e9rminos de uso y que se compromete a cumplirlos.<br \/>\nSi no est\u00e1 de acuerdo con estos t\u00e9rminos, no debe utilizar nuestro sitio web.<\/p>\n    <\/div>\n\n\n\t\n<\/div>\n    <\/div>\n\n\t\n<\/div>\n\n\n<div class=\"m-block gt gb l-content-simple-1\"  >\n\n\t\n\t\n    <div class=\"m-block__container container\" style=\"\">\n\t\t\n<div class=\"l-heading text-left l-heading-v1\">\n\n\t    <div class=\"c-heading -h2 \">\n\t\t\n\t\t\n\t\t\t\t\t<h2  class=\"c-heading__title\">Hay otros t\u00e9rminos que pueden aplicarse a uste<\/h2>\t\t\n\t\t    <\/div>\n    <div class=\"c-heading__description is-wysiwyg\">\n        <p>Estos t\u00e9rminos de uso se refieren a nuestra pol\u00edtica de privacidad, que tambi\u00e9n se aplica a su uso de nuestro sitio web. Nuestra pol\u00edtica de privacidad est\u00e1 disponible aqu\u00ed. Nuestra pol\u00edtica de privacidad tambi\u00e9n contiene informaci\u00f3n relacionada con nuestro uso de cookies.<\/p>\n    <\/div>\n\n\n\t\n<\/div>\n    <\/div>\n\n\t\n<\/div>\n\n\n<div class=\"m-block gt gb l-content-simple-1\"  >\n\n\t\n\t\n    <div class=\"m-block__container container\" style=\"\">\n\t\t\n<div class=\"l-heading text-left l-heading-v1\">\n\n\t    <div class=\"c-heading -h2 \">\n\t\t\n\t\t\n\t\t\t\t\t<h2  class=\"c-heading__title\">Podemos hacer cambios a estos t\u00e9rminos<\/h2>\t\t\n\t\t    <\/div>\n    <div class=\"c-heading__description is-wysiwyg\">\n        <p>Podemos modificar estos t\u00e9rminos de vez en cuando. Cada vez que desee utilizar nuestro sitio web, consulte estos t\u00e9rminos para asegurarse de que comprende los t\u00e9rminos que se aplican en ese momento.<\/p>\n    <\/div>\n\n\n\t\n<\/div>\n    <\/div>\n\n\t\n<\/div>\n\n\n<div class=\"m-block gt gb l-content-simple-1\"  >\n\n\t\n\t\n    <div class=\"m-block__container container\" style=\"\">\n\t\t\n<div class=\"l-heading text-left l-heading-v1\">\n\n\t    <div class=\"c-heading -h2 \">\n\t\t\n\t\t\n\t\t\t\t\t<h2  class=\"c-heading__title\">Podemos realizar cambios en nuestro sitio web<\/h2>\t\t\n\t\t    <\/div>\n    <div class=\"c-heading__description is-wysiwyg\">\n        <p>Podemos actualizar y cambiar nuestro sitio web de vez en cuando y por cualquier motivo.<\/p>\n    <\/div>\n\n\n\t\n<\/div>\n    <\/div>\n\n\t\n<\/div>\n\n\n<div class=\"m-block gt gb l-content-simple-1\"  >\n\n\t\n\t\n    <div class=\"m-block__container container\" style=\"\">\n\t\t\n<div class=\"l-heading text-left l-heading-v1\">\n\n\t    <div class=\"c-heading -h2 \">\n\t\t\n\t\t\n\t\t\t\t\t<h2  class=\"c-heading__title\">Podemos suspender o retirar nuestro sitio web<\/h2>\t\t\n\t\t    <\/div>\n    <div class=\"c-heading__description is-wysiwyg\">\n        <p>Nuestro sitio web est\u00e1 disponible de forma gratuita.<\/p>\n<p>No garantizamos que nuestro sitio web, o cualquier contenido en \u00e9l, est\u00e9 siempre disponible o sea ininterrumpido. Podemos suspender, retirar o restringir la disponibilidad de todo o parte de nuestro sitio web por razones comerciales, operativas o de pago.<\/p>\n    <\/div>\n\n\n\t\n<\/div>\n    <\/div>\n\n\t\n<\/div>\n\n\n<div class=\"m-block gt gb l-content-simple-1\"  >\n\n\t\n\t\n    <div class=\"m-block__container container\" style=\"\">\n\t\t\n<div class=\"l-heading text-left l-heading-v1\">\n\n\t    <div class=\"c-heading -h2 \">\n\t\t\n\t\t\n\t\t\t\t\t<h2  class=\"c-heading__title\">Debe mantener seguros los detalles de su cuenta<\/h2>\t\t\n\t\t    <\/div>\n    <div class=\"c-heading__description is-wysiwyg\">\n        <p>Si elige, o se le proporciona, un c\u00f3digo de identificaci\u00f3n de usuario, contrase\u00f1a o cualquier otra informaci\u00f3n como parte de nuestros procedimientos de seguridad, debe tratar dicha informaci\u00f3n como confidencial. No debe divulgarlo a ning\u00fan tercero no autorizado.<\/p>\n    <\/div>\n\n\n\t\n<\/div>\n    <\/div>\n\n\t\n<\/div>\n\n\n<div class=\"m-block gt gb l-content-simple-1\"  >\n\n\t\n\t\n    <div class=\"m-block__container container\" style=\"\">\n\t\t\n<div class=\"l-heading text-left l-heading-v1\">\n\n\t    <div class=\"c-heading -h2 \">\n\t\t\n\t\t\n\t\t\t\t\t<h2  class=\"c-heading__title\">Propiedad intelectual y c\u00f3mo puede utilizar el material en nuestro sitio web<\/h2>\t\t\n\t\t    <\/div>\n    <div class=\"c-heading__description is-wysiwyg\">\n        <p>Somos el propietario o el licenciatario de todos los derechos de propiedad intelectual en nuestro sitio web y en el material publicado en \u00e9l. Esas obras est\u00e1n protegidas por leyes y tratados de derechos de autor en todo el mundo. Todos estos derechos est\u00e1n reservados.<\/p>\n<p>Este sitio web tambi\u00e9n contiene varias marcas comerciales que son propiedad de Puma o un miembro del Grupo Puma y est\u00e1n protegidas por la ley.<\/p>\n    <\/div>\n\n\n\t\n<\/div>\n    <\/div>\n\n\t\n<\/div>\n\n\n<div class=\"m-block gt gb l-content-simple-1\"  >\n\n\t\n\t\n    <div class=\"m-block__container container\" style=\"\">\n\t\t\n<div class=\"l-heading text-left l-heading-v1\">\n\n\t    <div class=\"c-heading -h2 \">\n\t\t\n\t\t\n\t\t\t\t\t<h2  class=\"c-heading__title\">No conf\u00ede en la informaci\u00f3n de este sitio web<\/h2>\t\t\n\t\t    <\/div>\n    <div class=\"c-heading__description is-wysiwyg\">\n        <p>El contenido de nuestro sitio web se proporciona solo para informaci\u00f3n general. No pretende equivaler a ning\u00fan tipo de consejo en el que deba confiar. Debe obtener asesoramiento profesional o especializado antes de tomar o abstenerse de cualquier acci\u00f3n sobre la base del contenido de nuestro sitio web.<\/p>\n    <\/div>\n\n\n\t\n<\/div>\n    <\/div>\n\n\t\n<\/div>\n\n\n<div class=\"m-block gt gb l-content-simple-1\"  >\n\n\t\n\t\n    <div class=\"m-block__container container\" style=\"\">\n\t\t\n<div class=\"l-heading text-left l-heading-v1\">\n\n\t    <div class=\"c-heading -h2 \">\n\t\t\n\t\t\n\t\t\t\t\t<h2  class=\"c-heading__title\">No somos responsables de los sitios web a los que enlazamos<\/h2>\t\t\n\t\t    <\/div>\n    <div class=\"c-heading__description is-wysiwyg\">\n        <p>No somos responsables de los sitios web a los que enlazamos<br \/>\nCuando nuestro sitio web contiene enlaces a otros sitios y recursos proporcionados por terceros, estos enlaces se proporcionan solo para su informaci\u00f3n. Dichos enlaces no deben interpretarse como nuestra aprobaci\u00f3n de esos sitios web vinculados o informaci\u00f3n que pueda obtener de ellos.<\/p>\n<p>No tenemos control sobre el contenido de esos sitios o recursos.<\/p>\n    <\/div>\n\n\n\t\n<\/div>\n    <\/div>\n\n\t\n<\/div>\n\n\n<div class=\"m-block gt gb l-content-simple-1\"  >\n\n\t\n\t\n    <div class=\"m-block__container container\" style=\"\">\n\t\t\n<div class=\"l-heading text-left l-heading-v1\">\n\n\t    <div class=\"c-heading -h2 \">\n\t\t\n\t\t\n\t\t\t\t\t<h2  class=\"c-heading__title\">Nuestra responsabilidad por p\u00e9rdidas o da\u00f1os sufridos por usted<\/h2>\t\t\n\t\t    <\/div>\n    <div class=\"c-heading__description is-wysiwyg\">\n        <p>No excluimos ni limitamos de ninguna manera nuestra responsabilidad hacia usted cuando sea ilegal hacerlo seg\u00fan la ley aplicable. Esto incluye la responsabilidad por muerte o lesiones personales causadas por nuestra negligencia o la negligencia de nuestros empleados, agentes o subcontratistas y por fraude o tergiversaci\u00f3n fraudulenta.<\/p>\n<p>Excluimos todas las condiciones impl\u00edcitas, garant\u00edas, representaciones u otros t\u00e9rminos que puedan aplicarse a nuestro sitio web o cualquier contenido en \u00e9l.<\/p>\n<p>No seremos responsables ante usted por ninguna p\u00e9rdida o da\u00f1o, ya sea por contrato, agravio (incluida negligencia), incumplimiento del deber legal o de otro modo, incluso si es previsible, que surja o est\u00e9 relacionado con:<\/p>\n<p>uso o imposibilidad de uso de nuestro sitio web; o<br \/>\nUso o confianza en cualquier contenido que se muestre en nuestro sitio web.<\/p>\n<p>En particular, no seremos responsables de:<\/p>\n<p>&#8211; p\u00e9rdida de beneficios, ventas, negocios o ingresos;<br \/>\n&#8211; interrupci\u00f3n del negocio;<br \/>\n&#8211; p\u00e9rdida de ahorros previstos;<br \/>\n&#8211; p\u00e9rdida de oportunidades de negocio, buena voluntad o<br \/>\n  reputaci\u00f3n; o<br \/>\n&#8211; cualquier p\u00e9rdida o da\u00f1o indirecto o consecuente.<\/p>\n    <\/div>\n\n\n\t\n<\/div>\n    <\/div>\n\n\t\n<\/div>\n\n\n<div class=\"m-block gt gb l-content-simple-1\"  >\n\n\t\n\t\n    <div class=\"m-block__container container\" style=\"\">\n\t\t\n<div class=\"l-heading text-left l-heading-v1\">\n\n\t    <div class=\"c-heading -h2 \">\n\t\t\n\t\t\n\t\t\t\t\t<h2  class=\"c-heading__title\">C\u00f3mo podemos usar su informaci\u00f3n personal<\/h2>\t\t\n\t\t    <\/div>\n    <div class=\"c-heading__description is-wysiwyg\">\n        <p>Solo utilizaremos su informaci\u00f3n personal como se establece en nuestra pol\u00edtica de privacidad.<\/p>\n    <\/div>\n\n\n\t\n<\/div>\n    <\/div>\n\n\t\n<\/div>\n\n\n<div class=\"m-block gt gb l-content-simple-1\"  >\n\n\t\n\t\n    <div class=\"m-block__container container\" style=\"\">\n\t\t\n<div class=\"l-heading text-left l-heading-v1\">\n\n\t    <div class=\"c-heading -h2 \">\n\t\t\n\t\t\n\t\t\t\t\t<h2  class=\"c-heading__title\">No nos hacemos responsables de los virus y no debes introducirlos<\/h2>\t\t\n\t\t    <\/div>\n    <div class=\"c-heading__description is-wysiwyg\">\n        <p>No garantizamos que nuestro sitio web sea seguro o libre de errores o virus.<\/p>\n<p>Usted es responsable de configurar su tecnolog\u00eda de la informaci\u00f3n, programas inform\u00e1ticos y plataforma para acceder a nuestro sitio web. Debe utilizar su propio software de protecci\u00f3n antivirus.<\/p>\n<p>No debe hacer un mal uso de nuestro sitio web introduciendo a sabiendas virus, troyanos, gusanos, bombas l\u00f3gicas u otro material malicioso o tecnol\u00f3gicamente da\u00f1ino. No debe intentar obtener acceso no autorizado a nuestro sitio web, al servidor en el que se almacena nuestro sitio web o a cualquier servidor, computadora o base de datos conectada a nuestro sitio web. No debe atacar nuestro sitio web a trav\u00e9s de un ataque de denegaci\u00f3n de servicio o un ataque de denegaci\u00f3n de servicio distribuido. <\/p>\n<p>Al infringir esta disposici\u00f3n, cometer\u00eda un delito penal en virtud de la Ley de uso indebido de computadoras del Reino Unido de 1990. Informaremos de cualquier incumplimiento de este tipo a las autoridades policiales pertinentes y cooperaremos con esas autoridades revel\u00e1ndoles su identidad. En caso de tal incumplimiento, su derecho a utilizar nuestro sitio web cesar\u00e1 inmediatamente.<\/p>\n    <\/div>\n\n\n\t\n<\/div>\n    <\/div>\n\n\t\n<\/div>\n\n\n<div class=\"m-block gt gb l-content-simple-1\"  >\n\n\t\n\t\n    <div class=\"m-block__container container\" style=\"\">\n\t\t\n<div class=\"l-heading text-left l-heading-v1\">\n\n\t    <div class=\"c-heading -h2 \">\n\t\t\n\t\t\n\t\t\t\t\t<h2  class=\"c-heading__title\">Reglas sobre enlaces a nuestro sitio web<\/h2>\t\t\n\t\t    <\/div>\n    <div class=\"c-heading__description is-wysiwyg\">\n        <p>Puede enlazar a nuestra p\u00e1gina de inicio, siempre que lo haga de una manera justa y legal y no da\u00f1e nuestra reputaci\u00f3n ni se aproveche de ella.<\/p>\n<p>No debe establecer un enlace de tal manera que sugiera cualquier forma de asociaci\u00f3n, aprobaci\u00f3n o respaldo por nuestra parte donde no exista.<\/p>\n<p>No debe establecer un enlace a nuestro sitio web en ning\u00fan sitio web que no sea de su propiedad.<\/p>\n<p>Nuestro sitio web no debe estar enmarcado en ning\u00fan otro sitio web, ni puede crear un enlace a ninguna parte de nuestro sitio web que no sea la p\u00e1gina de inicio.<\/p>\n<p>Nos reservamos el derecho de retirar el permiso de enlace sin previo aviso.<\/p>\n<p>El sitio web en el que se est\u00e1 vinculando y las personas responsables de mantener dicho sitio web deben conocer y cumplir en todos los aspectos estos t\u00e9rminos y nuestra pol\u00edtica de privacidad.<\/p>\n    <\/div>\n\n\n\t\n<\/div>\n    <\/div>\n\n\t\n<\/div>\n\n\n<div class=\"m-block gt gb l-content-simple-1\"  >\n\n\t\n\t\n    <div class=\"m-block__container container\" style=\"\">\n\t\t\n<div class=\"l-heading text-left l-heading-v1\">\n\n\t    <div class=\"c-heading -h2 \">\n\t\t\n\t\t\n\t\t\t\t\t<h2  class=\"c-heading__title\">\u00bfQu\u00e9 leyes del pa\u00eds se aplican a cualquier disputa?<\/h2>\t\t\n\t\t    <\/div>\n    <div class=\"c-heading__description is-wysiwyg\">\n        <p>Estos t\u00e9rminos de uso, su objeto y su formaci\u00f3n (y cualquier disputa o reclamaci\u00f3n no contractual) se rigen por la ley inglesa. Ambos aceptamos la jurisdicci\u00f3n exclusiva de los tribunales de Inglaterra y Gales.<\/p>\n    <\/div>\n\n\n\t\n<\/div>\n    <\/div>\n\n\t\n<\/div>\n","protected":false},"excerpt":{"rendered":"","protected":false},"author":1,"featured_media":0,"parent":0,"menu_order":0,"comment_status":"closed","ping_status":"closed","template":"","meta":{"_acf_changed":false,"inline_featured_image":false,"footnotes":""},"class_list":["post-574","page","type-page","status-publish","hentry"],"acf":[],"yoast_head":"<!-- This site is optimized with the Yoast SEO plugin v27.3 - https:\/\/yoast.com\/product\/yoast-seo-wordpress\/ -->\n<title>T\u00e9rminos y Condiciones - Puma Energy<\/title>\n<meta name=\"description\" content=\"T\u00e9rminos de uso de Puma Energy: Comprometidos con la transparencia y el respeto.\" \/>\n<meta name=\"robots\" content=\"index, follow, max-snippet:-1, max-image-preview:large, max-video-preview:-1\" \/>\n<link rel=\"canonical\" href=\"https:\/\/pumaenergy.com\/es\/terms-of-use\/\" \/>\n<meta property=\"og:locale\" content=\"es_ES\" \/>\n<meta property=\"og:type\" content=\"article\" \/>\n<meta property=\"og:title\" content=\"T\u00e9rminos y Condiciones - Puma Energy\" \/>\n<meta property=\"og:description\" content=\"T\u00e9rminos de uso de Puma Energy: Comprometidos con la transparencia y el respeto.\" \/>\n<meta property=\"og:url\" content=\"https:\/\/pumaenergy.com\/es\/terms-of-use\/\" \/>\n<meta property=\"og:site_name\" content=\"Puma Energy\" \/>\n<meta property=\"article:publisher\" content=\"https:\/\/www.facebook.com\/PumaEnergy\/\" \/>\n<meta property=\"article:modified_time\" content=\"2023-12-05T19:16:13+00:00\" \/>\n<meta property=\"og:image\" content=\"https:\/\/pumaenergy.com\/wp-content\/uploads\/2023\/09\/puma-energy.jpeg\" \/>\n\t<meta property=\"og:image:width\" content=\"1200\" \/>\n\t<meta property=\"og:image:height\" content=\"630\" \/>\n\t<meta property=\"og:image:type\" content=\"image\/jpeg\" \/>\n<meta name=\"twitter:card\" content=\"summary_large_image\" \/>\n<script type=\"application\/ld+json\" class=\"yoast-schema-graph\">{\"@context\":\"https:\\\/\\\/schema.org\",\"@graph\":[{\"@type\":\"WebPage\",\"@id\":\"https:\\\/\\\/pumaenergy.com\\\/es\\\/terms-of-use\\\/\",\"url\":\"https:\\\/\\\/pumaenergy.com\\\/es\\\/terms-of-use\\\/\",\"name\":\"T\u00e9rminos y Condiciones - Puma Energy\",\"isPartOf\":{\"@id\":\"https:\\\/\\\/pumaenergy.com\\\/es\\\/#website\"},\"datePublished\":\"2023-06-22T11:18:55+00:00\",\"dateModified\":\"2023-12-05T19:16:13+00:00\",\"description\":\"T\u00e9rminos de uso de Puma Energy: Comprometidos con la transparencia y el respeto.\",\"inLanguage\":\"es\",\"potentialAction\":[{\"@type\":\"ReadAction\",\"target\":[\"https:\\\/\\\/pumaenergy.com\\\/es\\\/terms-of-use\\\/\"]}]},{\"@type\":\"WebSite\",\"@id\":\"https:\\\/\\\/pumaenergy.com\\\/es\\\/#website\",\"url\":\"https:\\\/\\\/pumaenergy.com\\\/es\\\/\",\"name\":\"Puma Energy\",\"description\":\"\",\"publisher\":{\"@id\":\"https:\\\/\\\/pumaenergy.com\\\/es\\\/#organization\"},\"potentialAction\":[{\"@type\":\"SearchAction\",\"target\":{\"@type\":\"EntryPoint\",\"urlTemplate\":\"https:\\\/\\\/pumaenergy.com\\\/es\\\/?s={search_term_string}\"},\"query-input\":{\"@type\":\"PropertyValueSpecification\",\"valueRequired\":true,\"valueName\":\"search_term_string\"}}],\"inLanguage\":\"es\"},{\"@type\":\"Organization\",\"@id\":\"https:\\\/\\\/pumaenergy.com\\\/es\\\/#organization\",\"name\":\"Puma Energy\",\"url\":\"https:\\\/\\\/pumaenergy.com\\\/es\\\/\",\"logo\":{\"@type\":\"ImageObject\",\"inLanguage\":\"es\",\"@id\":\"https:\\\/\\\/pumaenergy.com\\\/es\\\/#\\\/schema\\\/logo\\\/image\\\/\",\"url\":\"https:\\\/\\\/pumaenergy.com\\\/wp-content\\\/uploads\\\/2023\\\/09\\\/puma-energy.jpeg\",\"contentUrl\":\"https:\\\/\\\/pumaenergy.com\\\/wp-content\\\/uploads\\\/2023\\\/09\\\/puma-energy.jpeg\",\"width\":1200,\"height\":630,\"caption\":\"Puma Energy\"},\"image\":{\"@id\":\"https:\\\/\\\/pumaenergy.com\\\/es\\\/#\\\/schema\\\/logo\\\/image\\\/\"},\"sameAs\":[\"https:\\\/\\\/www.facebook.com\\\/PumaEnergy\\\/\"]}]}<\/script>\n<!-- \/ Yoast SEO plugin. -->","yoast_head_json":{"title":"T\u00e9rminos y Condiciones - Puma Energy","description":"T\u00e9rminos de uso de Puma Energy: Comprometidos con la transparencia y el respeto.","robots":{"index":"index","follow":"follow","max-snippet":"max-snippet:-1","max-image-preview":"max-image-preview:large","max-video-preview":"max-video-preview:-1"},"canonical":"https:\/\/pumaenergy.com\/es\/terms-of-use\/","og_locale":"es_ES","og_type":"article","og_title":"T\u00e9rminos y Condiciones - Puma Energy","og_description":"T\u00e9rminos de uso de Puma Energy: Comprometidos con la transparencia y el respeto.","og_url":"https:\/\/pumaenergy.com\/es\/terms-of-use\/","og_site_name":"Puma Energy","article_publisher":"https:\/\/www.facebook.com\/PumaEnergy\/","article_modified_time":"2023-12-05T19:16:13+00:00","og_image":[{"width":1200,"height":630,"url":"https:\/\/pumaenergy.com\/wp-content\/uploads\/2023\/09\/puma-energy.jpeg","type":"image\/jpeg"}],"twitter_card":"summary_large_image","schema":{"@context":"https:\/\/schema.org","@graph":[{"@type":"WebPage","@id":"https:\/\/pumaenergy.com\/es\/terms-of-use\/","url":"https:\/\/pumaenergy.com\/es\/terms-of-use\/","name":"T\u00e9rminos y Condiciones - Puma Energy","isPartOf":{"@id":"https:\/\/pumaenergy.com\/es\/#website"},"datePublished":"2023-06-22T11:18:55+00:00","dateModified":"2023-12-05T19:16:13+00:00","description":"T\u00e9rminos de uso de Puma Energy: Comprometidos con la transparencia y el respeto.","inLanguage":"es","potentialAction":[{"@type":"ReadAction","target":["https:\/\/pumaenergy.com\/es\/terms-of-use\/"]}]},{"@type":"WebSite","@id":"https:\/\/pumaenergy.com\/es\/#website","url":"https:\/\/pumaenergy.com\/es\/","name":"Puma Energy","description":"","publisher":{"@id":"https:\/\/pumaenergy.com\/es\/#organization"},"potentialAction":[{"@type":"SearchAction","target":{"@type":"EntryPoint","urlTemplate":"https:\/\/pumaenergy.com\/es\/?s={search_term_string}"},"query-input":{"@type":"PropertyValueSpecification","valueRequired":true,"valueName":"search_term_string"}}],"inLanguage":"es"},{"@type":"Organization","@id":"https:\/\/pumaenergy.com\/es\/#organization","name":"Puma Energy","url":"https:\/\/pumaenergy.com\/es\/","logo":{"@type":"ImageObject","inLanguage":"es","@id":"https:\/\/pumaenergy.com\/es\/#\/schema\/logo\/image\/","url":"https:\/\/pumaenergy.com\/wp-content\/uploads\/2023\/09\/puma-energy.jpeg","contentUrl":"https:\/\/pumaenergy.com\/wp-content\/uploads\/2023\/09\/puma-energy.jpeg","width":1200,"height":630,"caption":"Puma Energy"},"image":{"@id":"https:\/\/pumaenergy.com\/es\/#\/schema\/logo\/image\/"},"sameAs":["https:\/\/www.facebook.com\/PumaEnergy\/"]}]}},"_links":{"self":[{"href":"https:\/\/pumaenergy.com\/es\/wp-json\/wp\/v2\/pages\/574","targetHints":{"allow":["GET"]}}],"collection":[{"href":"https:\/\/pumaenergy.com\/es\/wp-json\/wp\/v2\/pages"}],"about":[{"href":"https:\/\/pumaenergy.com\/es\/wp-json\/wp\/v2\/types\/page"}],"author":[{"embeddable":true,"href":"https:\/\/pumaenergy.com\/es\/wp-json\/wp\/v2\/users\/1"}],"replies":[{"embeddable":true,"href":"https:\/\/pumaenergy.com\/es\/wp-json\/wp\/v2\/comments?post=574"}],"version-history":[{"count":5,"href":"https:\/\/pumaenergy.com\/es\/wp-json\/wp\/v2\/pages\/574\/revisions"}],"predecessor-version":[{"id":14305,"href":"https:\/\/pumaenergy.com\/es\/wp-json\/wp\/v2\/pages\/574\/revisions\/14305"}],"wp:attachment":[{"href":"https:\/\/pumaenergy.com\/es\/wp-json\/wp\/v2\/media?parent=574"}],"curies":[{"name":"wp","href":"https:\/\/api.w.org\/{rel}","templated":true}]}}